{"id":866,"date":"2022-01-17T17:34:06","date_gmt":"2022-01-17T16:34:06","guid":{"rendered":"https:\/\/www.camping-lesamandiers.fr\/dienstleistungen\/"},"modified":"2023-06-21T17:20:44","modified_gmt":"2023-06-21T15:20:44","slug":"dienstleistungen","status":"publish","type":"page","link":"https:\/\/www.camping-lesamandiers.fr\/de\/dienstleistungen\/","title":{"rendered":"Dienstleistungen"},"content":{"rendered":"\n<section class=\"wp-block-group T-10-a\">\n<h1 class=\"has-text-align-center has-couleur-6-color has-text-color\">Ein Campingplatz in Gallargues mit <strong>4-Sterne-Services<\/strong> : Catering, W\u00e4scherei und WIFI!<\/h1>\n\n\n\n<h2 class=\"has-text-align-center has-couleur-1-color has-text-color\">Campingplatz in Gallargues (30) mit Restaurant<\/h2>\n\n\n\n<h3 class=\"has-text-align-center sstitre has-couleur-4-color has-text-color\">Kommen Sie und probieren Sie gute mediterrane Gerichte in der Restaurant-Snack-Bar<\/h3>\n\n\n\n<p class=\"has-text-align-center has-couleur-5-color has-text-color\">hungrig ? Der Campingplatz <a href=\"https:\/\/www.camping-lesamandiers.fr\/de\/\" data-type=\"page\" data-id=\"5\">Les Amandiers<\/a> in der N\u00e4he von Gallargues bietet Ihnen von <strong>April bis September<\/strong> <strong>Snacks und Gerichte<\/strong> zum Mitnehmen an. Lassen Sie sich nach Ihren Schwimmmomenten in unserem <a href=\"https:\/\/www.camping-lesamandiers.fr\/de\/wasserbereich\/\" data-type=\"page\">Wasserbereich verf\u00fchren<\/a>.<\/p>\n\n\n\n<p class=\"has-text-align-center has-couleur-5-color has-text-color\">Sie k\u00f6nnen auch im Restaurant des Campingplatzes in Gallargues zu Mittag oder zu Abend essen, das <strong>k\u00f6stliche K\u00fcche mit mediterranen Aromen bietet.<\/strong><\/p>\n\n\n\n<p class=\"has-text-align-center has-couleur-5-color has-text-color\">Jeden Morgen finden Sie auch frisches Brot, Geb\u00e4ck ab 8 Uhr. <strong>Praktisch f\u00fcr Ihr Fr\u00fchst\u00fcck auf dem Campingplatz!<\/strong><\/p>\n\n\n\n<div class=\"wp-block-columns\">\n<div class=\"wp-block-column\">\n<figure class=\"wp-block-image size-full\"><img width=\"760\" height=\"520\" src=\"https:\/\/www.camping-lesamandiers.fr\/wp-content\/uploads\/2022\/01\/piscine-1-760x520-1.jpg\" alt=\"\" class=\"wp-image-525\" srcset=\"https:\/\/www.camping-lesamandiers.fr\/wp-content\/uploads\/2022\/01\/piscine-1-760x520-1.jpg 760w, https:\/\/www.camping-lesamandiers.fr\/wp-content\/uploads\/2022\/01\/piscine-1-760x520-1-300x205.jpg 300w\" sizes=\"(max-width: 760px) 100vw, 760px\" \/><\/figure>\n\n\n\n<figure class=\"wp-block-image size-full\"><img width=\"760\" height=\"520\" src=\"https:\/\/www.camping-lesamandiers.fr\/wp-content\/uploads\/2022\/01\/terrasse-bar.jpg\" alt=\"Wiege des Campingplatzes: Terrassenbar\" class=\"wp-image-521\" srcset=\"https:\/\/www.camping-lesamandiers.fr\/wp-content\/uploads\/2022\/01\/terrasse-bar.jpg 760w, https:\/\/www.camping-lesamandiers.fr\/wp-content\/uploads\/2022\/01\/terrasse-bar-300x205.jpg 300w\" sizes=\"(max-width: 760px) 100vw, 760px\" \/><\/figure>\n\n\n\n<p class=\"lien\"><a href=\"https:\/\/www.camping-lesamandiers.fr\/de\/bildergalerie\/\" data-type=\"page\">In Bildern entdecken<\/a><\/p>\n<\/div>\n\n\n\n<div class=\"wp-block-column\">\n<figure class=\"wp-block-image size-full\"><img width=\"760\" height=\"520\" src=\"https:\/\/www.camping-lesamandiers.fr\/wp-content\/uploads\/2022\/01\/spa.jpg\" alt=\"\" class=\"wp-image-529\" srcset=\"https:\/\/www.camping-lesamandiers.fr\/wp-content\/uploads\/2022\/01\/spa.jpg 760w, https:\/\/www.camping-lesamandiers.fr\/wp-content\/uploads\/2022\/01\/spa-300x205.jpg 300w\" sizes=\"(max-width: 760px) 100vw, 760px\" \/><\/figure>\n\n\n\n<h2 class=\"titre has-couleur-6-color has-text-color\"><strong>Camping les Amandiers<\/strong> : un camping \u00e0 Gallargues aux multiples services<\/h2>\n\n\n\n<div class=\"wp-block-columns\">\n<div class=\"wp-block-column\">\n<h3 class=\"has-couleur-1-color has-text-color\">Verleih<\/h3>\n\n\n\n<p class=\"has-couleur-5-color has-text-color\">Unser <strong>Campingplatz in Gallargues<\/strong> bietet Ihnen die Vermietung von Haushaltsw\u00e4sche und Ausr\u00fcstung, damit Sie unbesorgt abreisen k\u00f6nnen.<\/p>\n\n\n\n<ul class=\"encart has-couleur-5-color has-couleur-7-background-color has-text-color has-background\"><li>Verkauf von Einweglaken 1 Person 7\u20ac und 8\u20ac f\u00fcr 2 Personen<\/li><li>Babyset (Kinderbett, Sitzerh\u00f6hung, Badewanne) 45 \u20ac\/Woche<\/li><li>Sonnenschirmbett, Sitzerh\u00f6hung, Badewanne oder Kinderwagen pro Einheit 15 \u20ac\/Woche<\/li><\/ul>\n\n\n\n<h3 class=\"has-couleur-1-color has-text-color\">Waschen Sie Ihre Kleidung sorgenfrei<\/h3>\n\n\n\n<p class=\"has-couleur-5-color has-text-color\">Der Campingplatz verf\u00fcgt \u00fcber <strong>Waschmaschinen<\/strong> (5\/6 kg + Waschmittel: 6 \u20ac) sowie Trockner (5\/6 kg: 4 \u20ac). Warmwasser ist an Wasserstellen erh\u00e4ltlich.<\/p>\n<\/div>\n\n\n\n<div class=\"wp-block-column\">\n<h3 class=\"has-couleur-1-color has-text-color\">Camping mit Wifi, f\u00fcr Web-Junkies<\/h3>\n\n\n\n<p class=\"has-couleur-5-color has-text-color\">Um Ihre Fotos zu teilen, einen Ausflug vorzubereiten, die Nachrichten zu verfolgen oder Ihre E-Mails zu checken, <strong>WIFI auf dem gesamten Campingplatz<\/strong> .<br>Kostenpflichtiger Dienst (Verbindung und Zahlung direkt auf der Website des Anbieters).<\/p>\n\n\n\n<h3 class=\"has-couleur-1-color has-text-color\">Einrichtungen f\u00fcr nachhaltige Entwicklung<\/h3>\n\n\n\n<p class=\"has-couleur-5-color has-text-color\">Entdecken Sie die Aktionen, die der Campingplatz im Rahmen der <a href=\"https:\/\/www.camping-lesamandiers.fr\/de\/unser-handeln-fuer-eine-nachhaltige-entwicklung\/\">nachhaltigen Entwicklung<\/a> durchf\u00fchrt.<\/p>\n\n\n\n<p class=\"has-couleur-5-color has-text-color\">Somit haben Sie alle Einrichtungen und Dienstleistungen, um in Ruhe unsere <a href=\"https:\/\/www.camping-lesamandiers.fr\/de\/umfeld\/\">herrliche Region<\/a> zu entdecken.<\/p>\n<\/div>\n<\/div>\n\n\n\n<div class=\"wp-block-buttons is-content-justification-center\">\n<div class=\"wp-block-button btn-resa\"><a class=\"wp-block-button__link\"><i class=\"fas fa-search\"><\/i> Buchen Sie schnell<\/a><\/div>\n<\/div>\n<\/div>\n<\/div>\n<\/section>\n","protected":false},"excerpt":{"rendered":"<p>Ein Campingplatz in Gallargues mit 4-Sterne-Services : Catering, W\u00e4scherei und WIFI! Campingplatz in Gallargues (30) mit Restaurant Kommen Sie und probieren Sie gute mediterrane Gerichte in der Restaurant-Snack-Bar hungrig ? Der Campingplatz Les Amandiers in der N\u00e4he von Gallargues bietet Ihnen von April bis September Snacks und Gerichte zum Mitnehmen an. Lassen Sie sich nach [&hellip;]<\/p>\n","protected":false},"author":1,"featured_media":0,"parent":0,"menu_order":0,"comment_status":"closed","ping_status":"closed","template":"","meta":[],"acf":[],"_links":{"self":[{"href":"https:\/\/www.camping-lesamandiers.fr\/de\/wp-json\/wp\/v2\/pages\/866"}],"collection":[{"href":"https:\/\/www.camping-lesamandiers.fr\/de\/wp-json\/wp\/v2\/pages"}],"about":[{"href":"https:\/\/www.camping-lesamandiers.fr\/de\/wp-json\/wp\/v2\/types\/page"}],"author":[{"embeddable":true,"href":"https:\/\/www.camping-lesamandiers.fr\/de\/wp-json\/wp\/v2\/users\/1"}],"replies":[{"embeddable":true,"href":"https:\/\/www.camping-lesamandiers.fr\/de\/wp-json\/wp\/v2\/comments?post=866"}],"version-history":[{"count":6,"href":"https:\/\/www.camping-lesamandiers.fr\/de\/wp-json\/wp\/v2\/pages\/866\/revisions"}],"predecessor-version":[{"id":2269,"href":"https:\/\/www.camping-lesamandiers.fr\/de\/wp-json\/wp\/v2\/pages\/866\/revisions\/2269"}],"wp:attachment":[{"href":"https:\/\/www.camping-lesamandiers.fr\/de\/wp-json\/wp\/v2\/media?parent=866"}],"curies":[{"name":"wp","href":"https:\/\/api.w.org\/{rel}","templated":true}]}}