{"id":860,"date":"2022-01-17T17:33:40","date_gmt":"2022-01-17T16:33:40","guid":{"rendered":"https:\/\/www.camping-lesamandiers.fr\/unser-handeln-fuer-eine-nachhaltige-entwicklung\/"},"modified":"2022-01-17T17:33:42","modified_gmt":"2022-01-17T16:33:42","slug":"unser-handeln-fuer-eine-nachhaltige-entwicklung","status":"publish","type":"page","link":"https:\/\/www.camping-lesamandiers.fr\/de\/unser-handeln-fuer-eine-nachhaltige-entwicklung\/","title":{"rendered":"Unser Handeln f\u00fcr eine nachhaltige Entwicklung"},"content":{"rendered":"\n<section class=\"wp-block-group T-10-a\">\n<h1 class=\"has-text-align-center has-couleur-6-color has-text-color\">Unser Handeln f\u00fcr eine <strong>nachhaltige Entwicklung<\/strong><\/h1>\n\n\n\n<div class=\"wp-block-columns\">\n<div class=\"wp-block-column\">\n<h2 class=\"has-text-align-left has-couleur-1-color has-text-color\">WASSER<\/h2>\n\n\n\n<p class=\"has-text-align-left has-couleur-5-color has-text-color\">In den Sanit\u00e4ranlagen wurde ein Druckminderer installiert. Wir bew\u00e4ssern unsere Hecken, B\u00e4ume und Beete mit einem Tropfsystem. Benutzung einer Waschmaschine mit automatischer Waschmitteldosierung.<\/p>\n\n\n\n<h2 class=\"has-text-align-left has-couleur-1-color has-text-color\">ENERGIE<\/h2>\n\n\n\n<p class=\"has-text-align-left has-couleur-5-color has-text-color\">In den \u00f6ffentlichen Bereichen des Campingplatzes sowie in der Bar sind energiesparende Gl\u00fchbirnen installiert.<\/p>\n\n\n\n<h2 class=\"has-text-align-left has-couleur-1-color has-text-color\">ABFALL<\/h2>\n\n\n\n<p class=\"has-text-align-left has-couleur-5-color has-text-color\">Es wurde ein selektives Sortiersystem eingerichtet.<\/p>\n<\/div>\n\n\n\n<div class=\"wp-block-column\">\n<h2 class=\"has-text-align-left has-couleur-1-color has-text-color\">KUNDEN<\/h2>\n\n\n\n<p class=\"has-text-align-left has-couleur-5-color has-text-color\">Wir f\u00f6rdern die Kommunikation per E-Mail. Wir bieten Wanderungen mit Kulturerbef\u00fchrungen an. F\u00fcr Ihren Komfort sind unsere Stellpl\u00e4tze durch Hecken getrennt. Der Fahrzeugverkehr ist von 23:30 bis 8:00 Uhr verboten. Ein Fahrradverleih ist verf\u00fcgbar. Wir bitten um Ihre Meinung und Vorschl\u00e4ge zur Verbesserung unseres Umweltansatzes.<\/p>\n\n\n\n<h2 class=\"has-text-align-left has-couleur-1-color has-text-color\">UNSERE MITARBEITER<\/h2>\n\n\n\n<p class=\"has-text-align-left has-couleur-5-color has-text-color\">Wiederverwendung von Altpapier als Vorlage durch die Verwaltungsdienste. Alle unsere Mitarbeiter wurden f\u00fcr nachhaltige Entwicklung und Behinderung sensibilisiert.<\/p>\n\n\n\n<h2 class=\"has-text-align-left has-couleur-1-color has-text-color\">LANDSCHAFT<\/h2>\n\n\n\n<p class=\"has-text-align-left has-couleur-5-color has-text-color\">Wir bevorzugen nat\u00fcrliche Materialien in unserer Ausstattung (Spielbereich und Holzterrasse des Mobilheims).<\/p>\n<\/div>\n<\/div>\n<\/section>\n","protected":false},"excerpt":{"rendered":"<p>Unser Handeln f\u00fcr eine nachhaltige Entwicklung WASSER In den Sanit\u00e4ranlagen wurde ein Druckminderer installiert. Wir bew\u00e4ssern unsere Hecken, B\u00e4ume und Beete mit einem Tropfsystem. Benutzung einer Waschmaschine mit automatischer Waschmitteldosierung. ENERGIE In den \u00f6ffentlichen Bereichen des Campingplatzes sowie in der Bar sind energiesparende Gl\u00fchbirnen installiert. ABFALL Es wurde ein selektives Sortiersystem eingerichtet. KUNDEN Wir f\u00f6rdern [&hellip;]<\/p>\n","protected":false},"author":1,"featured_media":0,"parent":0,"menu_order":0,"comment_status":"closed","ping_status":"closed","template":"","meta":[],"acf":[],"_links":{"self":[{"href":"https:\/\/www.camping-lesamandiers.fr\/de\/wp-json\/wp\/v2\/pages\/860"}],"collection":[{"href":"https:\/\/www.camping-lesamandiers.fr\/de\/wp-json\/wp\/v2\/pages"}],"about":[{"href":"https:\/\/www.camping-lesamandiers.fr\/de\/wp-json\/wp\/v2\/types\/page"}],"author":[{"embeddable":true,"href":"https:\/\/www.camping-lesamandiers.fr\/de\/wp-json\/wp\/v2\/users\/1"}],"replies":[{"embeddable":true,"href":"https:\/\/www.camping-lesamandiers.fr\/de\/wp-json\/wp\/v2\/comments?post=860"}],"version-history":[{"count":3,"href":"https:\/\/www.camping-lesamandiers.fr\/de\/wp-json\/wp\/v2\/pages\/860\/revisions"}],"predecessor-version":[{"id":863,"href":"https:\/\/www.camping-lesamandiers.fr\/de\/wp-json\/wp\/v2\/pages\/860\/revisions\/863"}],"wp:attachment":[{"href":"https:\/\/www.camping-lesamandiers.fr\/de\/wp-json\/wp\/v2\/media?parent=860"}],"curies":[{"name":"wp","href":"https:\/\/api.w.org\/{rel}","templated":true}]}}