{"id":852,"date":"2022-01-17T17:33:15","date_gmt":"2022-01-17T16:33:15","guid":{"rendered":"https:\/\/www.camping-lesamandiers.fr\/mieten\/"},"modified":"2022-01-20T12:26:31","modified_gmt":"2022-01-20T11:26:31","slug":"mieten","status":"publish","type":"page","link":"https:\/\/www.camping-lesamandiers.fr\/de\/mieten\/","title":{"rendered":"Mieten"},"content":{"rendered":"\n<section class=\"wp-block-group T-10-a\">\n<h1 class=\"has-text-align-center has-couleur-6-color has-text-color\">Mieten Sie Ihr <strong>Mobilheim<\/strong> in der N\u00e4he von Lunel<\/h1>\n\n\n\n<p class=\"has-text-align-center has-couleur-5-color has-text-color\">Entdecken Sie den <a href=\"https:\/\/www.camping-lesamandiers.fr\/de\/\" data-type=\"page\" data-id=\"5\"><strong>Campingplatz Les Amandiers<\/strong><\/a> in Gallargues le Montueux im Gard <strong>, nur wenige Schritte von Lunel entfernt<\/strong> , und w\u00e4hlen Sie das Mobilheim zwischen Montpellier und N\u00eemes, das zu Ihnen passt, und genie\u00dfen Sie Ihren Urlaub! Entscheiden Sie sich f\u00fcr Ihren n\u00e4chsten Urlaub f\u00fcr einen Aufenthalt in der N\u00e4he von Lunel in einer gr\u00fcnen Umgebung, 25 Minuten von den Badeorten La Grande Motte und Aigues Mortes entfernt. Unser Campingplatz liegt im Gard, <strong>15 Minuten von Lunel entfernt<\/strong> , und bietet Ihnen eine gro\u00dfe Auswahl an Mietcampingpl\u00e4tzen f\u00fcr die ganze Familie in einer gr\u00fcnen Umgebung.<\/p>\n\n\n\n<div class=\"wp-block-columns\">\n<div class=\"wp-block-column\">\n<div class=\"wp-block-columns liste_picto\">\n<div class=\"wp-block-column\"><i class=\"fal fa-smoking\"><\/i>\n\n\n\n<p class=\"has-couleur-6-color has-text-color\">Nichtraucherunterkunft<\/p>\n<\/div>\n\n\n\n<div class=\"wp-block-column\"><i class=\"fal fa-wifi\"><\/i>\n\n\n\n<p class=\"has-couleur-6-color has-text-color\">WLAN-Zugang<\/p>\n<\/div>\n\n\n\n<div class=\"wp-block-column\"><i class=\"fal fa-home-heart\"><\/i>\n\n\n\n<p class=\"has-couleur-6-color has-text-color\">Komfortmiete<\/p>\n<\/div>\n<\/div>\n\n\n\n<h2 class=\"has-couleur-1-color has-text-color\"><strong>Maximaler Komfort<\/strong> f\u00fcr Ihren Urlaub in der N\u00e4he von Lunel und der Camargue<\/h2>\n\n\n\n<div class=\"wp-block-columns are-vertically-aligned-top\">\n<div class=\"wp-block-column is-vertically-aligned-top\">\n<h3 class=\"sstitre has-couleur-6-color has-text-color\">Campingurlaub in der N\u00e4he von Lunel zwischen N\u00eemes und Montpellier<\/h3>\n\n\n\n<p class=\"has-couleur-5-color has-text-color\">W\u00e4hlen Sie f\u00fcr einen Natururlaub <strong>in der Landschaft des Gard<\/strong> ein echtes <strong>H\u00e4uschen, das Sie f\u00fcr einen Urlaub mit Familie oder Freunden mieten<\/strong> k\u00f6nnen!<\/p>\n\n\n\n<p class=\"has-couleur-5-color has-text-color\"><strong>Auf dem Campingplatz Les Amandiers<\/strong> ist das Mietangebot f\u00fcr <strong>Mobilheime in der N\u00e4he von Lunel<\/strong> genau das Richtige f\u00fcr Sie. W\u00e4hlen Sie eines der Mobilheime <strong>f\u00fcr 4 bis 6 Personen<\/strong> , echte kleine H\u00e4user im Schatten der Pinien f\u00fcr einen Campingaufenthalt, bei dem <strong>Ruhe und Komfort<\/strong> Ihren Urlaub im Gard unvergesslich machen werden. Genie\u00dfen Sie von Ihrer Anmietung aus alle <strong><a href=\"https:\/\/www.camping-lesamandiers.fr\/de\/unterhaltung-aktivitaeten\/\" data-type=\"page\" data-id=\"341\">Aktivit\u00e4ten<\/a><\/strong> , die von unserer Einrichtung angeboten werden.<\/p>\n<\/div>\n\n\n\n<div class=\"wp-block-column is-vertically-aligned-top\">\n<h3 class=\"sstitre has-couleur-6-color has-text-color\">Mieten Sie ein Mobilheim in der N\u00e4he von Lunel: Gehen Sie im Gard auf gr\u00fcnes Camping<\/h3>\n\n\n\n<p class=\"has-couleur-5-color has-text-color\">Mit ihrem kleinen Wohnzimmer, ihrer gut ausgestatteten und ausgestatteten K\u00fcche (K\u00fchlschrank, Gefrierschrank, Mikrowelle, Geschirr und K\u00fcchenutensilien), separaten Toiletten, erstklassiger Bettw\u00e4sche, werden die Mobilheime des <strong>Campingplatzes Les Amandiers im Gard Sie<\/strong> begeistern erm\u00f6glichen es Ihnen, das Beste aus Ihrem Urlaub in der Camargue zu machen. W\u00e4hrend Ihres <strong>Aufenthalts in der N\u00e4he von Lunel<\/strong> wird im Herzen dieses Campingplatzes alles getan, damit Sie sich unter der Sonne des S\u00fcdens wie zu Hause f\u00fchlen. Entdecken Sie ohne weitere Verz\u00f6gerung unsere komfortablen Mietobjekte f\u00fcr Ihren n\u00e4chsten Urlaub.<\/p>\n<\/div>\n<\/div>\n\n\n\n<h3 class=\"sstitre has-couleur-6-color has-text-color\">In der N\u00e4he von Lunel genie\u00dfen Sie einen angepassten Au\u00dfenbereich<\/h3>\n\n\n\n<p class=\"has-couleur-5-color has-text-color\"><strong>Die<\/strong> Pluspunkte: Jedes Mobilheim auf dem Campingplatz erm\u00f6glicht es Ihnen, <strong>Ihr Fahrzeug in der N\u00e4he zu parken<\/strong> . Und was gibt es Sch\u00f6neres, als drau\u00dfen zu essen, Freunde oder Nachbarn zum Aperitif einzuladen, auf <strong>der \u00fcberdachten Holzterrasse<\/strong> mit Gartenm\u00f6beln inklusive.<\/p>\n\n\n\n<p class=\"has-couleur-5-color has-text-color\"><strong>Profitieren Sie auf unserem Campingplatz in der N\u00e4he von Lunel von unseren \u00dcbernachtungsm\u00f6glichkeiten in der Nebensaison. Dies wird eine Gelegenheit sein, N\u00eemes oder Montpellier dank der privilegierten Lage unseres Campingplatzes im Gard zu erkunden.<\/strong><\/p>\n\n\n\n<p class=\"has-couleur-5-color has-text-color\"><em>In der Hochsaison werden Mobilheime von Samstag bis Samstag, Mittwoch bis Mittwoch oder Sonntag bis Sonntag vermietet.<\/em><\/p>\n\n\n\n<div class=\"wp-block-buttons is-content-justification-center\">\n<div class=\"wp-block-button btn-resa\"><a class=\"wp-block-button__link\"><i class=\"fas fa-search\"><\/i> Buchen Sie schnell<\/a><\/div>\n\n\n\n<div class=\"wp-block-button\"><a class=\"wp-block-button__link\" href=\"https:\/\/www.camping-lesamandiers.fr\/de\/werden-sie-eigentuemer\/\">Werden Sie Eigent\u00fcmer<\/a><\/div>\n<\/div>\n<\/div>\n\n\n\n<div class=\"wp-block-column\">\n<figure class=\"wp-block-image size-full\"><img width=\"1024\" height=\"686\" src=\"https:\/\/www.camping-lesamandiers.fr\/wp-content\/uploads\/2022\/01\/mobil-home-4-places-1024x686-1.jpg\" alt=\"\" class=\"wp-image-414\" srcset=\"https:\/\/www.camping-lesamandiers.fr\/wp-content\/uploads\/2022\/01\/mobil-home-4-places-1024x686-1.jpg 1024w, https:\/\/www.camping-lesamandiers.fr\/wp-content\/uploads\/2022\/01\/mobil-home-4-places-1024x686-1-300x201.jpg 300w, https:\/\/www.camping-lesamandiers.fr\/wp-content\/uploads\/2022\/01\/mobil-home-4-places-1024x686-1-768x515.jpg 768w\" sizes=\"(max-width: 1024px) 100vw, 1024px\" \/><\/figure>\n\n\n\n<figure class=\"wp-block-image size-large\"><img width=\"1024\" height=\"461\" src=\"https:\/\/www.camping-lesamandiers.fr\/wp-content\/uploads\/2022\/01\/location-mobil-home-1024x461.jpg\" alt=\"\" class=\"wp-image-373\" srcset=\"https:\/\/www.camping-lesamandiers.fr\/wp-content\/uploads\/2022\/01\/location-mobil-home-1024x461.jpg 1024w, https:\/\/www.camping-lesamandiers.fr\/wp-content\/uploads\/2022\/01\/location-mobil-home-300x135.jpg 300w, https:\/\/www.camping-lesamandiers.fr\/wp-content\/uploads\/2022\/01\/location-mobil-home-768x346.jpg 768w, https:\/\/www.camping-lesamandiers.fr\/wp-content\/uploads\/2022\/01\/location-mobil-home-1536x691.jpg 1536w, https:\/\/www.camping-lesamandiers.fr\/wp-content\/uploads\/2022\/01\/location-mobil-home.jpg 2000w\" sizes=\"(max-width: 1024px) 100vw, 1024px\" \/><\/figure>\n<\/div>\n<\/div>\n<\/section>\n\n\n\n<section class=\"wp-block-group alignfull T-25-a has-couleur-1-background-color has-background\">\n<article class=\"wp-block-group has-blanc-background-color has-background\">\n<p class=\"has-text-align-center has-couleur-5-color has-text-color\"><em>F\u00fcr Liebhaber des traditionellen Campings finden Sie auch <strong><a href=\"https:\/\/www.camping-lesamandiers.fr\/de\/stellplaetze\/\" data-type=\"page\" data-id=\"335\">unsere Stellpl\u00e4tze<\/a><\/strong> . <\/em><\/p>\n\n\n\n<p class=\"has-text-align-center has-couleur-5-color has-text-color\">Nutzen Sie w\u00e4hrend Ihres Aufenthalts im Herzen <strong>unseres Campingplatzes <a href=\"https:\/\/www.camping-lesamandiers.fr\/de\/wasserbereich\/\" data-type=\"page\" data-id=\"339\">mit Schwimmbad<\/a> in Lunel<\/strong> einen Wasserbereich f\u00fcr einen unvergesslichen Urlaub. Ob Sie in Mobilheimen, Chalets, Bungalows, Wohnmobilen, Wohnwagen oder sogar auf Stellpl\u00e4tzen \u00fcbernachten, lassen Sie sich von unserem Whirlpool im Freien verf\u00fchren.<\/p>\n\n\n\n<div class=\"wp-block-buttons is-content-justification-center\">\n<div class=\"wp-block-button\"><a class=\"wp-block-button__link\" href=\"https:\/\/www.camping-lesamandiers.fr\/de\/stellplaetze\/\">Entdecken Sie die Standorte<\/a><\/div>\n\n\n\n<div class=\"wp-block-button\"><a class=\"wp-block-button__link\" href=\"https:\/\/www.camping-lesamandiers.fr\/de\/wasserbereich\/\">Entdecken Sie unseren Wasserbereich<\/a><\/div>\n<\/div>\n<\/article>\n<\/section>\n","protected":false},"excerpt":{"rendered":"<p>Mieten Sie Ihr Mobilheim in der N\u00e4he von Lunel Entdecken Sie den Campingplatz Les Amandiers in Gallargues le Montueux im Gard , nur wenige Schritte von Lunel entfernt , und w\u00e4hlen Sie das Mobilheim zwischen Montpellier und N\u00eemes, das zu Ihnen passt, und genie\u00dfen Sie Ihren Urlaub! Entscheiden Sie sich f\u00fcr Ihren n\u00e4chsten Urlaub f\u00fcr [&hellip;]<\/p>\n","protected":false},"author":1,"featured_media":0,"parent":0,"menu_order":0,"comment_status":"closed","ping_status":"closed","template":"","meta":[],"acf":[],"_links":{"self":[{"href":"https:\/\/www.camping-lesamandiers.fr\/de\/wp-json\/wp\/v2\/pages\/852"}],"collection":[{"href":"https:\/\/www.camping-lesamandiers.fr\/de\/wp-json\/wp\/v2\/pages"}],"about":[{"href":"https:\/\/www.camping-lesamandiers.fr\/de\/wp-json\/wp\/v2\/types\/page"}],"author":[{"embeddable":true,"href":"https:\/\/www.camping-lesamandiers.fr\/de\/wp-json\/wp\/v2\/users\/1"}],"replies":[{"embeddable":true,"href":"https:\/\/www.camping-lesamandiers.fr\/de\/wp-json\/wp\/v2\/comments?post=852"}],"version-history":[{"count":4,"href":"https:\/\/www.camping-lesamandiers.fr\/de\/wp-json\/wp\/v2\/pages\/852\/revisions"}],"predecessor-version":[{"id":1194,"href":"https:\/\/www.camping-lesamandiers.fr\/de\/wp-json\/wp\/v2\/pages\/852\/revisions\/1194"}],"wp:attachment":[{"href":"https:\/\/www.camping-lesamandiers.fr\/de\/wp-json\/wp\/v2\/media?parent=852"}],"curies":[{"name":"wp","href":"https:\/\/api.w.org\/{rel}","templated":true}]}}