{"id":832,"date":"2022-01-17T17:32:13","date_gmt":"2022-01-17T16:32:13","guid":{"rendered":"https:\/\/www.camping-lesamandiers.fr\/wasserbereich\/"},"modified":"2022-07-07T10:21:48","modified_gmt":"2022-07-07T08:21:48","slug":"wasserbereich","status":"publish","type":"page","link":"https:\/\/www.camping-lesamandiers.fr\/de\/wasserbereich\/","title":{"rendered":"Wasserbereich"},"content":{"rendered":"\n<figure class=\"wp-block-image alignfull size-large\"><img width=\"1024\" height=\"287\" src=\"https:\/\/www.camping-lesamandiers.fr\/wp-content\/uploads\/2022\/01\/pataugeoire-1024x287.jpg\" alt=\"\" class=\"wp-image-490\" srcset=\"https:\/\/www.camping-lesamandiers.fr\/wp-content\/uploads\/2022\/01\/pataugeoire-1024x287.jpg 1024w, https:\/\/www.camping-lesamandiers.fr\/wp-content\/uploads\/2022\/01\/pataugeoire-300x84.jpg 300w, https:\/\/www.camping-lesamandiers.fr\/wp-content\/uploads\/2022\/01\/pataugeoire-768x215.jpg 768w, https:\/\/www.camping-lesamandiers.fr\/wp-content\/uploads\/2022\/01\/pataugeoire-1536x430.jpg 1536w, https:\/\/www.camping-lesamandiers.fr\/wp-content\/uploads\/2022\/01\/pataugeoire.jpg 2000w\" sizes=\"(max-width: 1024px) 100vw, 1024px\" \/><\/figure>\n\n\n\n<section class=\"wp-block-group alignfull T-15-a has-couleur-2-background-color has-background\">\n<div class=\"wp-block-columns\">\n<div class=\"wp-block-column\" style=\"flex-basis:60%\">\n<h1 class=\"has-blanc-color has-text-color\"><strong>Campingplatz im Gard<\/strong> mit Schwimmbad: Campingplatz Les Amandiers<\/h1>\n\n\n\n<div class=\"wp-block-columns\">\n<div class=\"wp-block-column\">\n<h2 class=\"has-blanc-color has-text-color\">Campingplatz Gard mit Schwimmbad: Genie\u00dfen Sie ein gro\u00dfes Freibad<\/h2>\n\n\n\n<p class=\"has-blanc-color has-text-color\">Auf dem <strong><a href=\"https:\/\/www.camping-lesamandiers.fr\/de\/\" data-type=\"page\" data-id=\"5\">Campingplatz Les Amandiers<\/a><\/strong> in Gallargues le Montueux werden Sie vom Gesang der Zikaden eingelullt. Steigen Sie w\u00e4hrend Ihres Aufenthalts in der N\u00e4he von Lunel aus Ihrem <strong><a href=\"https:\/\/www.camping-lesamandiers.fr\/de\/mieten\/\" data-type=\"page\">Ferienvermietung<\/a> oder Stellplatz im Gard<\/strong> und tauchen, schwimmen Sie in einem Wasserbereich im Freien. <strong>Entspannen Sie sich im Au\u00dfenpool unseres Campingplatzes in der N\u00e4he von Lunel. <\/strong>Unsere <strong>Der Wasserbereich im Gard<\/strong> ist von einem Strandbereich, dem Solarium, umgeben, mit dem Ziel, abwechselnd Schwimmen und Nickerchen unter der Sonne des Gard zu machen. Machen Sie Ihren Urlaub zwischen N\u00eemes und Montpellier zum Synonym f\u00fcr Nichtstun.<\/p>\n<\/div>\n\n\n\n<div class=\"wp-block-column\">\n<h2 class=\"has-blanc-color has-text-color\">Ein Campingplatz im Gard mit Schwimmbad f\u00fcr die ganze Familie<\/h2>\n\n\n\n<p class=\"has-blanc-color has-text-color\">Tauchen Sie im Herzen unseres <strong>Campingplatzes zwischen N\u00eemes und Montpellier<\/strong> in das Freibad am Fluss ein! Machen Sie von Zeit zu Zeit eine Pause und lassen Sie sich von den Wasserstrahlen massieren, die diesen echten kleinen k\u00fcnstlichen Fluss beleben (geringe Str\u00f6mung f\u00fcr die Sicherheit der Kleinen). So findet die ganze Familie im <strong>Wasserbereich unseres Campingplatzes<\/strong> etwas zum Genie\u00dfen.<\/p>\n<\/div>\n<\/div>\n\n\n\n<div class=\"wp-block-buttons\">\n<div class=\"wp-block-button\"><a class=\"wp-block-button__link\" href=\"https:\/\/www.camping-lesamandiers.fr\/de\/mieten\/\">Entdecken Sie die Vermietungen<\/a><\/div>\n\n\n\n<div class=\"wp-block-button\"><a class=\"wp-block-button__link\" href=\"https:\/\/www.camping-lesamandiers.fr\/de\/bildergalerie\/\">In Bildern entdecken<\/a><\/div>\n<\/div>\n<\/div>\n\n\n\n<div class=\"wp-block-column\" style=\"flex-basis:40%\">\n<figure class=\"wp-block-gallery columns-3 is-cropped slider\"><ul class=\"blocks-gallery-grid\"><li class=\"blocks-gallery-item\"><figure><img width=\"760\" height=\"520\" src=\"https:\/\/www.camping-lesamandiers.fr\/wp-content\/uploads\/2022\/01\/activite-aquagym-piscine-760x520-1.jpg\" alt=\"\" data-id=\"590\" data-full-url=\"https:\/\/www.camping-lesamandiers.fr\/wp-content\/uploads\/2022\/01\/activite-aquagym-piscine-760x520-1.jpg\" data-link=\"https:\/\/www.camping-lesamandiers.fr\/espace-aquatique\/attachment\/activite-aquagym-piscine-760x520-1\/\" class=\"wp-image-590\" srcset=\"https:\/\/www.camping-lesamandiers.fr\/wp-content\/uploads\/2022\/01\/activite-aquagym-piscine-760x520-1.jpg 760w, https:\/\/www.camping-lesamandiers.fr\/wp-content\/uploads\/2022\/01\/activite-aquagym-piscine-760x520-1-300x205.jpg 300w\" sizes=\"(max-width: 760px) 100vw, 760px\" \/><\/figure><\/li><li class=\"blocks-gallery-item\"><figure><img width=\"852\" height=\"595\" src=\"https:\/\/www.camping-lesamandiers.fr\/wp-content\/uploads\/2022\/01\/dsc06092.jpg\" alt=\"\" data-id=\"594\" data-full-url=\"https:\/\/www.camping-lesamandiers.fr\/wp-content\/uploads\/2022\/01\/dsc06092.jpg\" data-link=\"https:\/\/www.camping-lesamandiers.fr\/espace-aquatique\/attachment\/dsc06092\/\" class=\"wp-image-594\" srcset=\"https:\/\/www.camping-lesamandiers.fr\/wp-content\/uploads\/2022\/01\/dsc06092.jpg 852w, https:\/\/www.camping-lesamandiers.fr\/wp-content\/uploads\/2022\/01\/dsc06092-300x210.jpg 300w, https:\/\/www.camping-lesamandiers.fr\/wp-content\/uploads\/2022\/01\/dsc06092-768x536.jpg 768w\" sizes=\"(max-width: 852px) 100vw, 852px\" \/><\/figure><\/li><li class=\"blocks-gallery-item\"><figure><img width=\"760\" height=\"520\" src=\"https:\/\/www.camping-lesamandiers.fr\/wp-content\/uploads\/2022\/01\/img_2211-760x520-1.jpg\" alt=\"\" data-id=\"598\" data-full-url=\"https:\/\/www.camping-lesamandiers.fr\/wp-content\/uploads\/2022\/01\/img_2211-760x520-1.jpg\" data-link=\"https:\/\/www.camping-lesamandiers.fr\/espace-aquatique\/attachment\/img_2211-760x520-1\/\" class=\"wp-image-598\" srcset=\"https:\/\/www.camping-lesamandiers.fr\/wp-content\/uploads\/2022\/01\/img_2211-760x520-1.jpg 760w, https:\/\/www.camping-lesamandiers.fr\/wp-content\/uploads\/2022\/01\/img_2211-760x520-1-300x205.jpg 300w\" sizes=\"(max-width: 760px) 100vw, 760px\" \/><\/figure><\/li><li class=\"blocks-gallery-item\"><figure><img width=\"760\" height=\"520\" src=\"https:\/\/www.camping-lesamandiers.fr\/wp-content\/uploads\/2022\/01\/piscine-3-760x520-1.jpg\" alt=\"\" data-id=\"602\" data-full-url=\"https:\/\/www.camping-lesamandiers.fr\/wp-content\/uploads\/2022\/01\/piscine-3-760x520-1.jpg\" data-link=\"https:\/\/www.camping-lesamandiers.fr\/espace-aquatique\/attachment\/piscine-3-760x520-1\/\" class=\"wp-image-602\" srcset=\"https:\/\/www.camping-lesamandiers.fr\/wp-content\/uploads\/2022\/01\/piscine-3-760x520-1.jpg 760w, https:\/\/www.camping-lesamandiers.fr\/wp-content\/uploads\/2022\/01\/piscine-3-760x520-1-300x205.jpg 300w\" sizes=\"(max-width: 760px) 100vw, 760px\" \/><\/figure><\/li><li class=\"blocks-gallery-item\"><figure><img width=\"760\" height=\"520\" src=\"https:\/\/www.camping-lesamandiers.fr\/wp-content\/uploads\/2022\/01\/piscine-760x520-1.jpg\" alt=\"\" data-id=\"606\" data-full-url=\"https:\/\/www.camping-lesamandiers.fr\/wp-content\/uploads\/2022\/01\/piscine-760x520-1.jpg\" data-link=\"https:\/\/www.camping-lesamandiers.fr\/espace-aquatique\/attachment\/piscine-760x520-1\/\" class=\"wp-image-606\" srcset=\"https:\/\/www.camping-lesamandiers.fr\/wp-content\/uploads\/2022\/01\/piscine-760x520-1.jpg 760w, https:\/\/www.camping-lesamandiers.fr\/wp-content\/uploads\/2022\/01\/piscine-760x520-1-300x205.jpg 300w\" sizes=\"(max-width: 760px) 100vw, 760px\" \/><\/figure><\/li><\/ul><\/figure>\n<\/div>\n<\/div>\n<\/section>\n\n\n\n<section class=\"wp-block-group T-10-a piscine\">\n<h2 class=\"has-text-align-center has-couleur-1-color has-text-color\">Ein Campingplatz-Schwimmbad im Gard mit Whirlpool<\/h2>\n\n\n\n<p class=\"has-text-align-center has-couleur-5-color has-text-color\">Zu den vielen <a href=\"https:\/\/www.camping-lesamandiers.fr\/services\/\" data-type=\"page\" data-id=\"343\">Dienstleistungen<\/a> , die unser <strong>Campingplatz im Gard mit Schwimmbad anbietet, geh\u00f6rt<\/strong> <strong>ein Whirlpool<\/strong> . Tauchen Sie w\u00e4hrend Ihres <strong>Urlaubs in der N\u00e4he von Lunel<\/strong> in den Whirlpool ein, um sich zu entspannen! Massiert und gestreichelt von Tausenden von Blasen, in der W\u00e4rme des Languedoc zwischen Gard und H\u00e9rault, werden Sie von einem Gef\u00fchl des Wohlbefindens und der Entspannung \u00fcberw\u00e4ltigt. <strong>Verleihen Sie Ihrem Aufenthalt auf dem Campingplatz Les Amandiers in der N\u00e4he von Lunel und nicht weit von Sommi\u00e8res ein Wellness-Feeling<\/strong> <strong>im Gard<\/strong> .<\/p>\n\n\n\n<div class=\"wp-block-columns liste_picto\">\n<div class=\"wp-block-column\"><i class=\"fal fa-water\"><\/i>\n\n\n\n<p class=\"has-couleur-6-color has-text-color\">Fluss dagegen<br>Laufen<\/p>\n<\/div>\n\n\n\n<div class=\"wp-block-column\"><i class=\"fal fa-swimming-pool\"><\/i>\n\n\n\n<p class=\"has-couleur-6-color has-text-color\">Wasserbereich<br>mit Familie<\/p>\n<\/div>\n\n\n\n<div class=\"wp-block-column\"><i class=\"fal fa-umbrella-beach\"><\/i>\n\n\n\n<p class=\"has-couleur-6-color has-text-color\">Solarium<br>&amp; Entspannung<\/p>\n<\/div>\n\n\n\n<div class=\"wp-block-column\"><i class=\"fal fa-hot-tub\"><\/i>\n\n\n\n<p class=\"has-couleur-6-color has-text-color\">Sauna, Dampfbad<br>&amp; Whirlpool<\/p>\n<\/div>\n<\/div>\n<\/section>\n\n\n\n<section class=\"wp-block-group alignfull T-25-a has-couleur-1-background-color has-background\">\n<article class=\"wp-block-group has-blanc-background-color has-background\">\n<p class=\"has-text-align-center titre has-couleur-6-color has-text-color\">Wassergebiet in der N\u00e4he von Lunel<\/p>\n\n\n\n<h2 class=\"has-text-align-center sstitre has-couleur-1-color has-text-color\">Campingplatz im Gard mit Schwimmbad: Nutzungsbedingungen<\/h2>\n\n\n\n<p class=\"has-text-align-center has-couleur-5-color has-text-color\"><em>Auf dem Gel\u00e4nde des <strong>Campingplatzes in der N\u00e4he von Lunel<\/strong> ist das Tragen eines Armbands obligatorisch und f\u00fcr den Poolbereich sind nur Slips oder Boxer-Badeanz\u00fcge erlaubt. Badeshorts und Neoprenanz\u00fcge sind daher verboten.<\/em><\/p>\n\n\n\n<p class=\"has-text-align-center has-couleur-5-color has-text-color\"><em>Bei Nichteinhaltung werden Sie ohne R\u00fcckerstattung vom Campingplatz Les Amandiers ausgeschlossen.<\/em><\/p>\n\n\n\n<p class=\"has-text-align-center has-couleur-5-color has-text-color\"><strong>Der Whirlpool ist f\u00fcr Personen \u00fcber 18 Jahren reserviert<\/strong> , um die Hygienevorschriften einzuhalten.<\/p>\n\n\n\n<p class=\"has-text-align-center encart has-couleur-5-color has-text-color\">Die Sauna \/ Hammam: Zahlung bei Reservierung an der Rezeption.<br>Preise pro Person: 6 \u20ac f\u00fcr 1\/2 Stunde \u2013 9 \u20ac f\u00fcr 1 Stunde<\/p>\n\n\n\n<div class=\"wp-block-buttons is-content-justification-center\">\n<div class=\"wp-block-button\"><a class=\"wp-block-button__link\" href=\"https:\/\/www.camping-lesamandiers.fr\/services\/\">Entdecken Sie die Dienstleistungen<\/a><\/div>\n<\/div>\n<\/article>\n<\/section>\n","protected":false},"excerpt":{"rendered":"<p>Campingplatz im Gard mit Schwimmbad: Campingplatz Les Amandiers Campingplatz Gard mit Schwimmbad: Genie\u00dfen Sie ein gro\u00dfes Freibad Auf dem Campingplatz Les Amandiers in Gallargues le Montueux werden Sie vom Gesang der Zikaden eingelullt. Steigen Sie w\u00e4hrend Ihres Aufenthalts in der N\u00e4he von Lunel aus Ihrem Ferienvermietung oder Stellplatz im Gard und tauchen, schwimmen Sie in [&hellip;]<\/p>\n","protected":false},"author":1,"featured_media":0,"parent":0,"menu_order":0,"comment_status":"closed","ping_status":"closed","template":"","meta":[],"acf":[],"_links":{"self":[{"href":"https:\/\/www.camping-lesamandiers.fr\/de\/wp-json\/wp\/v2\/pages\/832"}],"collection":[{"href":"https:\/\/www.camping-lesamandiers.fr\/de\/wp-json\/wp\/v2\/pages"}],"about":[{"href":"https:\/\/www.camping-lesamandiers.fr\/de\/wp-json\/wp\/v2\/types\/page"}],"author":[{"embeddable":true,"href":"https:\/\/www.camping-lesamandiers.fr\/de\/wp-json\/wp\/v2\/users\/1"}],"replies":[{"embeddable":true,"href":"https:\/\/www.camping-lesamandiers.fr\/de\/wp-json\/wp\/v2\/comments?post=832"}],"version-history":[{"count":4,"href":"https:\/\/www.camping-lesamandiers.fr\/de\/wp-json\/wp\/v2\/pages\/832\/revisions"}],"predecessor-version":[{"id":1740,"href":"https:\/\/www.camping-lesamandiers.fr\/de\/wp-json\/wp\/v2\/pages\/832\/revisions\/1740"}],"wp:attachment":[{"href":"https:\/\/www.camping-lesamandiers.fr\/de\/wp-json\/wp\/v2\/media?parent=832"}],"curies":[{"name":"wp","href":"https:\/\/api.w.org\/{rel}","templated":true}]}}