{"id":814,"date":"2022-01-17T17:30:19","date_gmt":"2022-01-17T16:30:19","guid":{"rendered":"https:\/\/www.camping-lesamandiers.fr\/werden-sie-eigentuemer\/"},"modified":"2022-01-17T17:30:21","modified_gmt":"2022-01-17T16:30:21","slug":"werden-sie-eigentuemer","status":"publish","type":"page","link":"https:\/\/www.camping-lesamandiers.fr\/de\/werden-sie-eigentuemer\/","title":{"rendered":"Werden Sie Eigent\u00fcmer"},"content":{"rendered":"\n<section class=\"wp-block-group T-10-a\">\n<h1 class=\"has-text-align-center has-couleur-6-color has-text-color\">Verkauf von <strong>Mobilheimen<\/strong> im Gard<\/h1>\n\n\n\n<p class=\"has-text-align-center has-couleur-5-color has-text-color\">Tr\u00e4umen Sie von einem Zweitwohnsitz auf einem <strong>4-Sterne-Campingplatz im Gard<\/strong> ? Entscheiden Sie sich f\u00fcr den Kauf eines Mobilheims auf dem Campingplatz Les Amandiers. Erwerben Sie einen eigenen Platz und genie\u00dfen Sie gleichzeitig den <strong>Komfort<\/strong> und die <strong>Serviceleistungen<\/strong> eines <strong>4-Sterne-Campingplatzes<\/strong> .<\/p>\n<\/section>\n\n<section class=\"wp-block-group T-20-a\">\n<div class=\"wp-block-columns\">\n<div class=\"wp-block-column has-couleur-1-color has-text-color\">\n<figure class=\"wp-block-image size-large\"><img width=\"994\" height=\"560\" src=\"https:\/\/www.camping-lesamandiers.fr\/wp-content\/uploads\/2022\/01\/proprietaire-edited-1.jpg\" alt=\"\" class=\"wp-image-585\" srcset=\"https:\/\/www.camping-lesamandiers.fr\/wp-content\/uploads\/2022\/01\/proprietaire-edited-1.jpg 994w, https:\/\/www.camping-lesamandiers.fr\/wp-content\/uploads\/2022\/01\/proprietaire-edited-1-300x169.jpg 300w, https:\/\/www.camping-lesamandiers.fr\/wp-content\/uploads\/2022\/01\/proprietaire-edited-1-768x433.jpg 768w\" sizes=\"(max-width: 994px) 100vw, 994px\" \/><\/figure><\/div>\n\n\n\n<div class=\"wp-block-column has-couleur-1-color has-text-color\">\n<h2>Werden Sie Eigent\u00fcmer eines Mobilheims im Gard auf dem Campingplatz Les Amandiers<\/h2>\n\n\n\n<div class=\"wp-block-columns\">\n<div class=\"wp-block-column\">\n<p class=\"has-couleur-5-color has-text-color\"><strong>Der Campingplatz Les Amandiers in Gallargues le Montueux<\/strong> bietet Ihnen eine strategische Position. Unser Campingplatz an der Autobahn A9, die N\u00eemes mit Montpellier verbindet, \u00f6ffnet Ihnen seine Arme f\u00fcr einen von B\u00e4umen ges\u00e4umten Aufenthalt auf einem <strong>4-Sterne-Campingplatz im Gard<\/strong> . Ganz einfach, der Campingplatz Les Amandiers genie\u00dft eine perfekte Lage, um <strong>ein Mobilheim im Gard zu kaufen<\/strong><\/p>\n<\/div>\n\n\n\n<div class=\"wp-block-column\">\n<p class=\"has-couleur-5-color has-text-color\">Haben Sie zwischen Gard und H\u00e9rault gez\u00f6gert? Suchen Sie nicht mehr! An der Grenze <strong>zwischen Gard und H\u00e9rault<\/strong> bietet unser 4-Sterne-Familiencampingplatz den <strong>Verkauf von Mobilheimen im Gard an.<\/strong> So k\u00f6nnen Sie die beiden Departements dank seiner au\u00dfergew\u00f6hnlichen geografischen Lage sehr leicht erkunden.<\/p>\n<\/div>\n<\/div>\n\n\n\n<ul class=\"has-couleur-5-color has-text-color\"><li>12 Minuten von der <a href=\"https:\/\/www.camping-lesamandiers.fr\/en\/alentours\/lunel\/\" data-type=\"page\">Stadt Lunel<\/a> entfernt<\/li><li>14 Minuten von der <a href=\"https:\/\/www.camping-lesamandiers.fr\/en\/alentours\/sommieres\/\">mittelalterlichen Stadt Sommi\u00e8res entfernt<\/a><\/li><li>15 Minuten von Calvisson entfernt<\/li><li>18 Minuten von der <a href=\"https:\/\/www.camping-lesamandiers.fr\/en\/alentours\/vauvert\/\">Stadt Vauvert entfernt<\/a><\/li><li>24 Minuten von Aigues-Mortes entfernt<\/li><\/ul><\/div>\n<\/div>\n<\/section>\n\n<section class=\"wp-block-group alignfull T-25-a has-couleur-1-background-color has-background\">\n<article class=\"wp-block-group has-blanc-background-color has-background\">\n<h2 class=\"has-text-align-center has-couleur-4-color has-text-color\">Warum den Campingplatz Les Amandiers f\u00fcr den Kauf oder Verkauf von Mobilheimen im Gard w\u00e4hlen?<\/h2>\n\n\n\n<p class=\"has-couleur-5-color has-text-color\">Unsere Einrichtung empf\u00e4ngt Urlauber auf <strong>kahlen Stellpl\u00e4tzen im Gard<\/strong> oder in der <a href=\"https:\/\/www.camping-lesamandiers.fr\/de\/mieten\/\" data-type=\"page\" data-id=\"333\"><strong>Vermietung von voll ausgestatteten Mobilheimen<\/strong><\/a> . Wir bieten Ihnen <strong>den Verkauf und Kauf von Mobilheimen im Gard im Herzen unseres Campingplatzes an.<\/strong> Suchen Sie nicht weiter und w\u00e4hlen Sie den Campingplatz Les Amandiers, unter seinen vielen 4-Sterne-Services finden Sie:<\/p>\n\n\n\n<ul class=\"has-couleur-5-color has-text-color\"><li>Ein <strong>kompletter Wasserbereich<\/strong> : mit Au\u00dfenpools, Schwimmfluss und Whirlpool,<\/li><li><strong>Wellnessbereiche<\/strong> , in denen Sie finden: Hammam, Sauna<\/li><li><a href=\"https:\/\/www.camping-lesamandiers.fr\/de\/unterhaltung-aktivitaeten\/\" data-type=\"page\" data-id=\"341\"><strong>Aktivit\u00e4ten f\u00fcr die ganze Familie<\/strong><\/a> , betreut von professionellen und leidenschaftlichen Animateuren. Auf dem Programm: Turniere, Outdoor-Ausfl\u00fcge, sportliche Aktivit\u00e4ten&#8230;<\/li><li>Ein <strong>Miniclub<\/strong> im Herzen unseres Campingplatzes f\u00fcr Ihre kleinen Segler zwischen 6 und 12 Jahren<\/li><li>Ein Take- <strong>Away<\/strong> -Service oder sogar Snacks, um eine K\u00fcche zu genie\u00dfen<\/li><li><strong>Eine Waschk\u00fcche<\/strong> mit Waschmaschine und Trockner.<\/li><li>WIFI-Abdeckung auf dem gesamten Campingplatz (kostenpflichtig)<\/li><\/ul>\n\n\n<p class=\"has-couleur-5-color has-text-color\">Sie werden verstanden haben, dass wir uns f\u00fcr einen <strong>reibungslosen Ablauf Ihres Aufenthalts im Gard einsetzen<\/strong> , egal ob Sie f\u00fcr eine Nacht, ein Wochenende, einen Urlaub, einen l\u00e4ngeren Aufenthalt oder einen Urlaub dort sind. Wir werden unser Bestes tun, um Ihre Bed\u00fcrfnisse zu erf\u00fcllen. Dar\u00fcber hinaus engagiert sich unser Campingplatz <strong>auch f\u00fcr eine <a href=\"https:\/\/www.camping-lesamandiers.fr\/de\/unser-handeln-fuer-eine-nachhaltige-entwicklung\/\">nachhaltige Entwicklung<\/a><\/strong> . Indem Sie sich auf unserem Campingplatz im Gard niederlassen, beteiligen Sie sich an dieser kollektiven Initiative.<\/p>\n\n\n\n<p class=\"has-couleur-5-color has-text-color\"><em>Worauf warten Sie, um den Sprung zu wagen? W\u00e4hlen Sie aus unserem Campingplatz 30: Les Amandiers.<\/em><\/p>\n<\/article>\n<\/section>\n\n<section class=\"wp-block-group alignfull T-20-a has-couleur-7-background-color has-background\">\n<div class=\"wp-block-columns are-vertically-aligned-center\">\n<div class=\"wp-block-column is-vertically-aligned-center\">\n<figure class=\"wp-block-image size-full\"><img width=\"760\" height=\"520\" src=\"https:\/\/www.camping-lesamandiers.fr\/wp-content\/uploads\/2022\/01\/achat-mobil-home-gard-camping-les-amandiers-760x520-1.jpg\" alt=\"\" class=\"wp-image-484\" srcset=\"https:\/\/www.camping-lesamandiers.fr\/wp-content\/uploads\/2022\/01\/achat-mobil-home-gard-camping-les-amandiers-760x520-1.jpg 760w, https:\/\/www.camping-lesamandiers.fr\/wp-content\/uploads\/2022\/01\/achat-mobil-home-gard-camping-les-amandiers-760x520-1-300x205.jpg 300w\" sizes=\"(max-width: 760px) 100vw, 760px\" \/><\/figure><\/div>\n\n\n\n<div class=\"wp-block-column is-vertically-aligned-center\">\n<p class=\"titre has-couleur-6-color has-text-color\"><strong>Mobilheime<\/strong> zum Verkauf im Gard<\/p>\n\n\n\n<p class=\"has-couleur-5-color has-text-color\">Auf dem <strong>Campingplatz Les Amandiers<\/strong> k\u00f6nnen Sie aus verschiedenen <strong>Mobilheimen w\u00e4hlen, die im Gard zum Verkauf<\/strong> stehen.<\/p>\n\n\n\n<p class=\"has-couleur-5-color has-text-color\">Das aktuelle Angebot ist ein <strong>Mobilheim f\u00fcr 6 Personen<\/strong> , <strong>neu oder gebraucht<\/strong> zu kaufen.<\/p>\n\n\n\n<p class=\"has-couleur-5-color has-text-color\"><a href=\"https:\/\/www.camping-lesamandiers.fr\/de\/kontakt-zugang\/\" data-type=\"page\" data-id=\"93\">Kontaktieren Sie uns<\/a> , um mehr zu erfahren!<\/p>\n\n\n\n<div class=\"wp-block-buttons\">\n<div class=\"wp-block-button\"><a class=\"wp-block-button__link\" href=\"https:\/\/www.camping-lesamandiers.fr\/de\/kontakt-zugang\/\">kontaktiere uns<\/a><\/div>\n<\/div>\n<\/div>\n<\/div>\n<\/section>\n","protected":false},"excerpt":{"rendered":"<p>Verkauf von Mobilheimen im Gard Tr\u00e4umen Sie von einem Zweitwohnsitz auf einem 4-Sterne-Campingplatz im Gard ? Entscheiden Sie sich f\u00fcr den Kauf eines Mobilheims auf dem Campingplatz Les Amandiers. Erwerben Sie einen eigenen Platz und genie\u00dfen Sie gleichzeitig den Komfort und die Serviceleistungen eines 4-Sterne-Campingplatzes . Werden Sie Eigent\u00fcmer eines Mobilheims im Gard auf dem [&hellip;]<\/p>\n","protected":false},"author":1,"featured_media":0,"parent":0,"menu_order":0,"comment_status":"closed","ping_status":"closed","template":"","meta":[],"acf":[],"_links":{"self":[{"href":"https:\/\/www.camping-lesamandiers.fr\/de\/wp-json\/wp\/v2\/pages\/814"}],"collection":[{"href":"https:\/\/www.camping-lesamandiers.fr\/de\/wp-json\/wp\/v2\/pages"}],"about":[{"href":"https:\/\/www.camping-lesamandiers.fr\/de\/wp-json\/wp\/v2\/types\/page"}],"author":[{"embeddable":true,"href":"https:\/\/www.camping-lesamandiers.fr\/de\/wp-json\/wp\/v2\/users\/1"}],"replies":[{"embeddable":true,"href":"https:\/\/www.camping-lesamandiers.fr\/de\/wp-json\/wp\/v2\/comments?post=814"}],"version-history":[{"count":3,"href":"https:\/\/www.camping-lesamandiers.fr\/de\/wp-json\/wp\/v2\/pages\/814\/revisions"}],"predecessor-version":[{"id":817,"href":"https:\/\/www.camping-lesamandiers.fr\/de\/wp-json\/wp\/v2\/pages\/814\/revisions\/817"}],"wp:attachment":[{"href":"https:\/\/www.camping-lesamandiers.fr\/de\/wp-json\/wp\/v2\/media?parent=814"}],"curies":[{"name":"wp","href":"https:\/\/api.w.org\/{rel}","templated":true}]}}