{"id":796,"date":"2022-01-17T17:29:16","date_gmt":"2022-01-17T16:29:16","guid":{"rendered":"https:\/\/www.camping-lesamandiers.fr\/unterhaltung-aktivitaeten\/"},"modified":"2023-10-03T14:36:54","modified_gmt":"2023-10-03T12:36:54","slug":"unterhaltung-aktivitaeten","status":"publish","type":"page","link":"https:\/\/www.camping-lesamandiers.fr\/de\/unterhaltung-aktivitaeten\/","title":{"rendered":"Unterhaltung &amp; Aktivit\u00e4ten"},"content":{"rendered":"\n<section class=\"wp-block-group alignwide T-20-a\">\n<h1 class=\"has-text-align-center has-couleur-6-color has-text-color\">Familiencampingplatz <strong>im Herzen der Natur im Gard<\/strong><\/h1>\n\n\n\n<p class=\"has-text-align-center has-couleur-5-color has-text-color\">Um die ganze Familie zu unterhalten, stellt Ihnen der <strong>Familiencampingplatz Les Amandiers im Gard<\/strong> jedes Jahr ein reichhaltiges Programm an Aktivit\u00e4ten und Animationen zusammen. Am\u00fcsieren Sie sich mit der Familie oder mit Freunden bei den verschiedenen Angeboten, die das Camping im Wasser oder auf dem Festland bietet. Und um Ihren Urlaub mit unvergesslichen Momenten zu bereichern, vertrauen Sie auf unser Animationsteam! Das Ganze in einem 4 Hektar gro\u00dfen Naturpark, der sich f\u00fcr Entdeckungs- und Entspannungsaktivit\u00e4ten eignet, im Herzen der Camargue Guardoise, nur wenige Schritte von den Str\u00e4nden des Languedoc Roussillon entfernt.<\/p>\n<\/section>\n\n<div class=\"wp-block-group agenda-fc\"><div class=\"wp-block-group__inner-container\">\n<h2 class=\"has-text-align-center has-couleur-1-color has-text-color\">Entdecken Sie alle unsere Animationen<\/h2>\n\n\n\r\n    <div class=\"agenda_intro\">\r\n    <span class=\"agenda_dateselect\"><input type=\"text\" id=\"basicDate\" placeholder=\"Please select Date Time\" data-input><\/span>\r\n    <\/div>\r\n    <div class=\"agenda\">\r\n    <\/div>\r\n    \n<\/div><\/div>\n\n<section class=\"wp-block-group alignfull T-20-a has-couleur-7-background-color has-background\">\n<div class=\"wp-block-columns are-vertically-aligned-center\">\n<div class=\"wp-block-column is-vertically-aligned-center has-couleur-1-color has-text-color\">\n<figure class=\"wp-block-image size-full iframe\"><img width=\"760\" height=\"520\" src=\"https:\/\/www.camping-lesamandiers.fr\/wp-content\/uploads\/2022\/01\/activite-aquagym-piscine-760x520-1.jpg\" alt=\"Camping gard mit Schwimmbad: Aktivit&#xE4;t Wassergymnastik\" class=\"wp-image-590\" srcset=\"https:\/\/www.camping-lesamandiers.fr\/wp-content\/uploads\/2022\/01\/activite-aquagym-piscine-760x520-1.jpg 760w, https:\/\/www.camping-lesamandiers.fr\/wp-content\/uploads\/2022\/01\/activite-aquagym-piscine-760x520-1-300x205.jpg 300w\" sizes=\"(max-width: 760px) 100vw, 760px\" \/><\/figure>\n\n\n<p class=\"lien\"><a href=\"https:\/\/www.camping-lesamandiers.fr\/de\/bildergalerie\/\" data-type=\"page\">Bildergalerie<\/a><\/p>\n<\/div>\n\n\n\n<div class=\"wp-block-column is-vertically-aligned-center has-couleur-1-color has-text-color\">\n<h2 class=\"has-couleur-6-color has-text-color\">Campingplatz in der N\u00e4he von N\u00eemes mit <strong>sportlichen<\/strong> <strong>Aktivit\u00e4ten<\/strong><\/h2>\n\n\n\n<div class=\"wp-block-columns\">\n<div class=\"wp-block-column\">\n<p><strong>C&#8217;est aussi l&#8217;occasion de se remettre en forme et de faire du sport !<\/strong><\/p>\n\n\n\n<p class=\"has-couleur-5-color has-text-color\">Wir laden Sie ein, sich im Herzen unseres Campingplatzes, <strong>nur wenige Minuten von N\u00eemes entfernt<\/strong>, zu einem unvergesslichen Urlaub mit der Familie oder mit Freunden zu treffen.<\/p>\n\n\n\n<p class=\"has-couleur-5-color has-text-color\">Auf dem 4-Sterne-Campingplatz Les Amandiers im Departement Gard werden Sportbegeisterte dank der zahlreichen Aktivit\u00e4ten im Wasserbereich oder auf unseren angelegten Feldern nicht entt\u00e4uscht:<\/p>\n<\/div>\n\n\n\n<div class=\"wp-block-column\">\n<ul class=\"has-couleur-5-color has-text-color\"><li>Wassergymnastik an unserem <a href=\"https:\/\/www.camping-lesamandiers.fr\/de\/wasserbereich\/\">Pool in der Camargue<\/a>, begleitet von einem Coach<\/li><li>Tennis<\/li><li>Volleyball<\/li><li>Tischtennis<\/li><li>P\u00e9tanque<\/li><li>Und andere !<\/li><\/ul>\n\n\n<p><\/p>\n<\/div>\n<\/div>\n\n\n\n<p class=\"has-couleur-5-color has-text-color\">Du bist nicht sportlich? Keine Sorge, unsere Animateure und Trainer unterhalten Sie mit Aktivit\u00e4ten f\u00fcr jeden Geschmack und jedes Alter.<\/p>\n\n\n\n<p class=\"has-couleur-5-color has-text-color\">Finden Sie unseren Campingplatz und unsere Neuigkeiten auf unseren Facebook- und Instagram-Seiten.<\/p>\n<\/div>\n<\/div>\n<\/section>\n\n<section class=\"wp-block-group alignfull T-25-a has-couleur-1-background-color has-background\">\n<article class=\"wp-block-group alignfull has-blanc-background-color has-background\">\n<h2 class=\"has-text-align-center has-couleur-4-color has-text-color\">Kommen Sie und verbringen Sie einen unvergesslichen Urlaub in der N\u00e4he von Lunel<\/h2>\n\n\n\n<div class=\"wp-block-columns liste_picto\">\n<div class=\"wp-block-column\"><i class=\"fal fa-volleyball-ball\"><\/i>\n\n\n\n<p class=\"has-couleur-5-color has-text-color\">Wasserball-Turniere<\/p>\n<\/div>\n\n\n\n<div class=\"wp-block-column\"><i class=\"fal fa-basketball-ball\"><\/i>\n\n\n\n<p class=\"has-couleur-5-color has-text-color\">Basketballturniere im Wasser<\/p>\n<\/div>\n\n\n\n<div class=\"wp-block-column\"><i class=\"fal fa-swimming-pool\"><\/i>\n\n\n\n<p class=\"has-couleur-5-color has-text-color\">Pool-Spiele<\/p>\n<\/div>\n\n\n\n<div class=\"wp-block-column\"><i class=\"fal fa-futbol\"><\/i>\n\n\n\n<p class=\"has-couleur-5-color has-text-color\">Fu\u00dfball &amp; Zumba<\/p>\n<\/div>\n\n\n\n<div class=\"wp-block-column\"><i class=\"fal fa-heartbeat\"><\/i>\n\n\n\n<p class=\"has-couleur-5-color has-text-color\">Fitness &amp;<br\/>Wassergymnastik<\/p>\n<\/div>\n\n\n\n<div class=\"wp-block-column\"><i class=\"fal fa-island-tropical\"><\/i>\n\n\n\n<p class=\"has-couleur-5-color has-text-color\">Ko Lanta &amp;<br\/>Olympiaden<\/p>\n<\/div>\n<\/div>\n\n\n\n<div class=\"wp-block-columns\">\n<div class=\"wp-block-column\">\n<p class=\"has-text-align-left has-couleur-5-color has-text-color\">Unsere Einrichtung in der N\u00e4he von Nimes bietet Ihnen eine hochwertige Infrastruktur, damit Sie einen angenehmen Familienurlaub in S\u00fcdfrankreich verbringen k\u00f6nnen. Hier <strong>finden Sie einen Spielplatz und Einrichtungen f\u00fcr Kinder.<\/strong> Sie k\u00f6nnen morgens von den Betreuern des Kinderclubs betreut werden und nachmittags mit ihren Eltern an den vom Campingplatz organisierten Aktivit\u00e4ten teilnehmen. Les Amandiers ist ein Campingplatz im Departement Gard mit <strong>einem Au\u00dfenpool, der aus einem Schwimmfluss und einem Whirlpool besteht.<\/strong> Die Gro\u00dfen k\u00f6nnen auch unseren Entspannungsbereich nutzen, indem sie sich zu einem Besuch im <strong>Dampfbad oder in der Sauna verf\u00fchren lassen<\/strong>.<\/p>\n\n\n\n<p class=\"has-text-align-left has-couleur-5-color has-text-color\"><strong>200 m<\/strong> von unserem Familiencampingplatz in Gallargues le Montueux (30) <strong>entfernt befindet sich ein Au\u00dfengel\u00e4nde<\/strong>, auf dem Sie Ihre Lieblingssportarten aus\u00fcben k\u00f6nnen. Dieser ist leicht zu erreichen und wird Ihr n\u00e4chster Treffpunkt f\u00fcr gesellige Momente sein: Fu\u00dfballturniere und andere warten nur auf Sie!<\/p>\n\n\n\n<p class=\"has-text-align-left has-couleur-5-color has-text-color\">Lassen Sie sich <strong>in der Saison und auf Reservierung<\/strong> von organisierten Ausfl\u00fcgen verf\u00fchren wie: <strong>Kanu, Schleppboje oder Katamaran<\/strong> !<br\/>Au\u00dferhalb der Saison finden Sie Spazierg\u00e4nge, Abende und dynamisches Gehen im Mai\/Juni und September. In der wundersch\u00f6nen Landschaft der Petite Camargue erwarten dich reiche Outdoor-Aktivit\u00e4ten!<\/p>\n<\/div>\n\n\n\n<div class=\"wp-block-column\">\n<p class=\"has-text-align-left has-couleur-5-color has-text-color\">Auf dem Gel\u00e4nde des Campingplatzes sollten Sie den <strong>Nachtmarkt jeden Montag ab 18 Uhr<\/strong> (Juli und August) nicht verpassen! Es hebt die Produkte des Gard hervor, die reich an Geschmack und Farben sind. Dort finden Sie zum Beispiel P\u00e9lardon und K\u00e4se aus den Cevennen oder Stierfleisch aus den Zuchtbetrieben der Camargue.<\/p>\n\n\n\n<p class=\"has-text-align-left has-couleur-5-color has-text-color\"><strong><em>Laut Regierungsank\u00fcndigungen kann sich dieses Programm \u00e4ndern, wir werden Sie auf dem Laufenden halten, danke f\u00fcr Ihr Verst\u00e4ndnis.<\/em><\/strong><\/p>\n\n\n\n<ul class=\"has-couleur-5-color has-text-color\"><li><strong>Mini Club von 6 bis 12 Jahren:<\/strong> ge\u00f6ffnet von 10:00 bis 12:00 Uhr<\/li><li><strong>Erwachsene:<\/strong><ul><li><em>morgens:<\/em> Fitness &amp; Wassergymnastik<\/li><li><em>nachmittags:<\/em> Wasserball-Turniere, Fu\u00dfball &amp; Zumba oder Wasserbasketball-Turniere, Poolspiele\u2026. (nur im Juli und August)<\/li><\/ul><\/li><li><strong>Jeden Freitag<\/strong> : <em>Familientag:<\/em> Koh-Lanta, Olympische Spiele, Cross Family,\u2026<\/li><li><strong>Im Juli\/August:<\/strong> <em>jeden Sonntagabend:<\/em> Poolparty<\/li><\/ul><\/div>\n<\/div>\n\n\n\n<p class=\"has-text-align-center encart has-couleur-6-color has-couleur-7-background-color has-text-color has-background\">Saison 2022: finden Sie die Unterhaltung im Juli und August<\/p>\n\n\n\n<div class=\"wp-block-buttons is-content-justification-center\">\n<div class=\"wp-block-button\"><a class=\"wp-block-button__link\" href=\"https:\/\/www.camping-lesamandiers.fr\/de\/dienstleistungen\/\">Entdecken Sie die Dienstleistungen<\/a><\/div>\n<\/div>\n<\/article>\n<\/section>\n\n<section class=\"wp-block-group alignwide T-20-a\">\n<div class=\"wp-block-columns are-vertically-aligned-center\">\n<div class=\"wp-block-column is-vertically-aligned-center\">\n<h2 class=\"titre has-couleur-6-color has-text-color\">Animierte Abende f\u00fcr <strong>Gro\u00df und Klein<\/strong><\/h2>\n\n\n\n<h3 class=\"has-couleur-1-color has-text-color\">Familienunterhaltung f\u00fcr entspannte Abende<\/h3>\n\n\n\n<p class=\"has-couleur-5-color has-text-color\">Wenn der Abend kommt, kann die ganze Familie in der lauen mediterranen Nacht an unseren <strong>Themenabenden teilnehmen<\/strong>. Auf unserem unabh\u00e4ngigen, <strong>familienfreundlichen Campingplatz im Gard liegt es uns am Herzen<\/strong>, Ihnen Animationen zu bieten, die alle zusammenbringen. Es erwarten Sie: Karaoke, Kabarettabende, Zauberei&#8230; bei einer riesigen Paella. Tanken Sie an den Abenden auf dem Campingplatz Les Amandiers Lachen und Tapetenwechsel, Humor und Musik.<\/p>\n\n\n\n<p class=\"has-couleur-5-color has-text-color\">Treffen Sie uns im Zentrum des Campingplatzes f\u00fcr alle Arten von Animationen, bevor Sie sich in Ihr Mobilheim oder Ihren Stellplatz im Schatten der Pinien begeben.<\/p>\n\n\n\n<p class=\"encart has-couleur-5-color has-blanc-background-color has-text-color has-background\">Um Ihren <strong>Aufenthalt im Gard<\/strong> vollst\u00e4ndig zu machen, empfehlen wir Ihnen dringend, Ihre Tage mit Aktivit\u00e4ten und Entdeckungen in <a href=\"https:\/\/www.camping-lesamandiers.fr\/de\/umfeld\/\">unserer sch\u00f6nen Region Languedoc Roussillon zu w\u00fcrzen<\/a>.<\/p>\n\n\n\n<div class=\"wp-block-buttons\">\n<div class=\"wp-block-button\"><a class=\"wp-block-button__link\" href=\"https:\/\/www.camping-lesamandiers.fr\/de\/mieten\/\">Entdecken Sie die Mobilheime<\/a><\/div>\n\n\n\n<div class=\"wp-block-button\"><a class=\"wp-block-button__link\" href=\"https:\/\/www.camping-lesamandiers.fr\/de\/stellplaetze\/\">Entdecken Sie die Standorte<\/a><\/div>\n<\/div>\n<\/div>\n\n\n\n<div class=\"wp-block-column is-vertically-aligned-center\">\n<figure class=\"wp-block-gallery columns-5 is-cropped slider\"><ul class=\"blocks-gallery-grid\"><li class=\"blocks-gallery-item\"><figure><img width=\"760\" height=\"520\" src=\"https:\/\/www.camping-lesamandiers.fr\/wp-content\/uploads\/2022\/01\/aire-de-jeux-760x520-1.jpg\" alt=\"Wiege Camping: Spielplatz 760x520\" data-id=\"611\" data-full-url=\"https:\/\/www.camping-lesamandiers.fr\/wp-content\/uploads\/2022\/01\/aire-de-jeux-760x520-1.jpg\" data-link=\"https:\/\/www.camping-lesamandiers.fr\/animations-activites\/attachment\/aire-de-jeux-760x520\/\" class=\"wp-image-611\" srcset=\"https:\/\/www.camping-lesamandiers.fr\/wp-content\/uploads\/2022\/01\/aire-de-jeux-760x520-1.jpg 760w, https:\/\/www.camping-lesamandiers.fr\/wp-content\/uploads\/2022\/01\/aire-de-jeux-760x520-1-300x205.jpg 300w\" sizes=\"(max-width: 760px) 100vw, 760px\" \/><\/figure><\/li><li class=\"blocks-gallery-item\"><figure><img width=\"604\" height=\"429\" src=\"https:\/\/www.camping-lesamandiers.fr\/wp-content\/uploads\/2022\/01\/carte-postale.jpg\" alt=\"Cradle Campingplatz: Postkarte\" data-id=\"615\" data-full-url=\"https:\/\/www.camping-lesamandiers.fr\/wp-content\/uploads\/2022\/01\/carte-postale.jpg\" data-link=\"https:\/\/www.camping-lesamandiers.fr\/animations-activites\/attachment\/carte-postale\/\" class=\"wp-image-615\" srcset=\"https:\/\/www.camping-lesamandiers.fr\/wp-content\/uploads\/2022\/01\/carte-postale.jpg 604w, https:\/\/www.camping-lesamandiers.fr\/wp-content\/uploads\/2022\/01\/carte-postale-300x213.jpg 300w\" sizes=\"(max-width: 604px) 100vw, 604px\" \/><\/figure><\/li><li class=\"blocks-gallery-item\"><figure><img width=\"760\" height=\"520\" src=\"https:\/\/www.camping-lesamandiers.fr\/wp-content\/uploads\/2022\/01\/parc-toboggan.jpg\" alt=\"Krippencampingplatz: Rodelpark\" data-id=\"619\" data-full-url=\"https:\/\/www.camping-lesamandiers.fr\/wp-content\/uploads\/2022\/01\/parc-toboggan.jpg\" data-link=\"https:\/\/www.camping-lesamandiers.fr\/animations-activites\/attachment\/parc-toboggan\/\" class=\"wp-image-619\" srcset=\"https:\/\/www.camping-lesamandiers.fr\/wp-content\/uploads\/2022\/01\/parc-toboggan.jpg 760w, https:\/\/www.camping-lesamandiers.fr\/wp-content\/uploads\/2022\/01\/parc-toboggan-300x205.jpg 300w\" sizes=\"(max-width: 760px) 100vw, 760px\" \/><\/figure><\/li><li class=\"blocks-gallery-item\"><figure><img width=\"760\" height=\"520\" src=\"https:\/\/www.camping-lesamandiers.fr\/wp-content\/uploads\/2022\/01\/terrain-tennis.jpg\" alt=\"Wiege des Campingplatzes: Tennisplatz\" data-id=\"623\" data-full-url=\"https:\/\/www.camping-lesamandiers.fr\/wp-content\/uploads\/2022\/01\/terrain-tennis.jpg\" data-link=\"https:\/\/www.camping-lesamandiers.fr\/animations-activites\/attachment\/terrain-tennis\/\" class=\"wp-image-623\" srcset=\"https:\/\/www.camping-lesamandiers.fr\/wp-content\/uploads\/2022\/01\/terrain-tennis.jpg 760w, https:\/\/www.camping-lesamandiers.fr\/wp-content\/uploads\/2022\/01\/terrain-tennis-300x205.jpg 300w\" sizes=\"(max-width: 760px) 100vw, 760px\" \/><\/figure><\/li><li class=\"blocks-gallery-item\"><figure><img width=\"760\" height=\"520\" src=\"https:\/\/www.camping-lesamandiers.fr\/wp-content\/uploads\/2022\/01\/tournoi-foot-a-l-exterieur-760x520-1.jpg\" alt=\"Cradle Campsite: Outdoor-Fu&#xDF;ballturnier 760x520\" data-id=\"627\" data-full-url=\"https:\/\/www.camping-lesamandiers.fr\/wp-content\/uploads\/2022\/01\/tournoi-foot-a-l-exterieur-760x520-1.jpg\" data-link=\"https:\/\/www.camping-lesamandiers.fr\/animations-activites\/attachment\/tournoi-foot-a-l-exterieur-760x520\/\" class=\"wp-image-627\" srcset=\"https:\/\/www.camping-lesamandiers.fr\/wp-content\/uploads\/2022\/01\/tournoi-foot-a-l-exterieur-760x520-1.jpg 760w, https:\/\/www.camping-lesamandiers.fr\/wp-content\/uploads\/2022\/01\/tournoi-foot-a-l-exterieur-760x520-1-300x205.jpg 300w\" sizes=\"(max-width: 760px) 100vw, 760px\" \/><\/figure><\/li><li class=\"blocks-gallery-item\"><figure><img width=\"600\" height=\"450\" src=\"https:\/\/www.camping-lesamandiers.fr\/wp-content\/uploads\/2022\/01\/water-polo.jpg\" alt=\"Cradle Camping: Wasserball\" data-id=\"631\" data-full-url=\"https:\/\/www.camping-lesamandiers.fr\/wp-content\/uploads\/2022\/01\/water-polo.jpg\" data-link=\"https:\/\/www.camping-lesamandiers.fr\/animations-activites\/attachment\/water-polo\/\" class=\"wp-image-631\" srcset=\"https:\/\/www.camping-lesamandiers.fr\/wp-content\/uploads\/2022\/01\/water-polo.jpg 600w, https:\/\/www.camping-lesamandiers.fr\/wp-content\/uploads\/2022\/01\/water-polo-300x225.jpg 300w\" sizes=\"(max-width: 600px) 100vw, 600px\" \/><\/figure><\/li><li class=\"blocks-gallery-item\"><figure><img width=\"760\" height=\"520\" src=\"https:\/\/www.camping-lesamandiers.fr\/wp-content\/uploads\/2022\/01\/zumba-a-la-piscine-760x520-1.jpg\" alt=\"Campingwiege: Zumba am Pool 760x520\" data-id=\"635\" data-full-url=\"https:\/\/www.camping-lesamandiers.fr\/wp-content\/uploads\/2022\/01\/zumba-a-la-piscine-760x520-1.jpg\" data-link=\"https:\/\/www.camping-lesamandiers.fr\/animations-activites\/attachment\/zumba-a-la-piscine-760x520\/\" class=\"wp-image-635\" srcset=\"https:\/\/www.camping-lesamandiers.fr\/wp-content\/uploads\/2022\/01\/zumba-a-la-piscine-760x520-1.jpg 760w, https:\/\/www.camping-lesamandiers.fr\/wp-content\/uploads\/2022\/01\/zumba-a-la-piscine-760x520-1-300x205.jpg 300w\" sizes=\"(max-width: 760px) 100vw, 760px\" \/><\/figure><\/li><\/ul><\/figure><\/div>\n<\/div>\n<\/section>\n","protected":false},"excerpt":{"rendered":"<p>Familiencampingplatz im Herzen der Natur im Gard Um die ganze Familie zu unterhalten, stellt Ihnen der Familiencampingplatz Les Amandiers im Gard jedes Jahr ein reichhaltiges Programm an Aktivit\u00e4ten und Animationen zusammen. Am\u00fcsieren Sie sich mit der Familie oder mit Freunden bei den verschiedenen Angeboten, die das Camping im Wasser oder auf dem Festland bietet. Und [&hellip;]<\/p>\n","protected":false},"author":1,"featured_media":0,"parent":0,"menu_order":0,"comment_status":"closed","ping_status":"closed","template":"","meta":[],"acf":[],"_links":{"self":[{"href":"https:\/\/www.camping-lesamandiers.fr\/de\/wp-json\/wp\/v2\/pages\/796"}],"collection":[{"href":"https:\/\/www.camping-lesamandiers.fr\/de\/wp-json\/wp\/v2\/pages"}],"about":[{"href":"https:\/\/www.camping-lesamandiers.fr\/de\/wp-json\/wp\/v2\/types\/page"}],"author":[{"embeddable":true,"href":"https:\/\/www.camping-lesamandiers.fr\/de\/wp-json\/wp\/v2\/users\/1"}],"replies":[{"embeddable":true,"href":"https:\/\/www.camping-lesamandiers.fr\/de\/wp-json\/wp\/v2\/comments?post=796"}],"version-history":[{"count":6,"href":"https:\/\/www.camping-lesamandiers.fr\/de\/wp-json\/wp\/v2\/pages\/796\/revisions"}],"predecessor-version":[{"id":2445,"href":"https:\/\/www.camping-lesamandiers.fr\/de\/wp-json\/wp\/v2\/pages\/796\/revisions\/2445"}],"wp:attachment":[{"href":"https:\/\/www.camping-lesamandiers.fr\/de\/wp-json\/wp\/v2\/media?parent=796"}],"curies":[{"name":"wp","href":"https:\/\/api.w.org\/{rel}","templated":true}]}}