{"id":778,"date":"2022-01-17T17:28:21","date_gmt":"2022-01-17T16:28:21","guid":{"rendered":"https:\/\/www.camping-lesamandiers.fr\/zuhause\/"},"modified":"2026-04-07T10:10:26","modified_gmt":"2026-04-07T08:10:26","slug":"zuhause","status":"publish","type":"page","link":"https:\/\/www.camping-lesamandiers.fr\/de\/","title":{"rendered":"Zuhause"},"content":{"rendered":"\n<figure class=\"wp-block-image alignfull size-large\"><img width=\"1024\" height=\"461\" src=\"https:\/\/www.camping-lesamandiers.fr\/wp-content\/uploads\/2022\/01\/camping-4-etoiles-avec-piscine-1024x461.jpg\" alt=\"\" class=\"wp-image-368\" srcset=\"https:\/\/www.camping-lesamandiers.fr\/wp-content\/uploads\/2022\/01\/camping-4-etoiles-avec-piscine-1024x461.jpg 1024w, https:\/\/www.camping-lesamandiers.fr\/wp-content\/uploads\/2022\/01\/camping-4-etoiles-avec-piscine-300x135.jpg 300w, https:\/\/www.camping-lesamandiers.fr\/wp-content\/uploads\/2022\/01\/camping-4-etoiles-avec-piscine-768x346.jpg 768w, https:\/\/www.camping-lesamandiers.fr\/wp-content\/uploads\/2022\/01\/camping-4-etoiles-avec-piscine-1536x691.jpg 1536w, https:\/\/www.camping-lesamandiers.fr\/wp-content\/uploads\/2022\/01\/camping-4-etoiles-avec-piscine.jpg 2000w\" sizes=\"(max-width: 1024px) 100vw, 1024px\" \/><\/figure>\n\n\n\n<section class=\"wp-block-group alignfull T-05-a has-couleur-4-background-color has-background\">\n<div class=\"wp-block-columns\">\n<div class=\"wp-block-column is-vertically-aligned-center\">\n<div class=\"wp-block-columns liste_picto\">\n<div class=\"wp-block-column\"><i class=\"fal fa-projector\"><\/i>\n\n\n\n<p class=\"has-blanc-color has-text-color\">Animationen<br>f\u00fcr die ganze Familie<\/p>\n<\/div>\n\n\n\n<div class=\"wp-block-column\"><i class=\"fal fa-swimmer\"><\/i>\n\n\n\n<p class=\"has-blanc-color has-text-color\">Zelten ein<br>der Gard mit Schwimmbad<\/p>\n<\/div>\n\n\n\n<div class=\"wp-block-column\"><i class=\"fal fa-child\"><\/i>\n\n\n\n<p class=\"has-blanc-color has-text-color\">Campen mit<br>Kinderclub<\/p>\n<\/div>\n<\/div>\n<\/div>\n\n\n\n<div class=\"wp-block-column is-vertically-aligned-top bloc_resa tag_resa_mini\" style=\"flex-basis:30%\">\n<p class=\"has-text-align-center\">Der Campingplatz ist von 9.00 bis 12.00 Uhr und von 13.00 bis 20.00 Uhr ge\u00f6ffnet.<\/p>\n\n\n\n<ctv-searchbar><\/ctv-searchbar>\n<\/div>\n<\/div>\n<\/section>\n\n\n\n<section class=\"wp-block-group T-10-a\">\n<h1 class=\"has-text-align-center has-couleur-6-color has-text-color\">Kommen Sie und verbringen Sie einen <strong>Campingurlaub in Lunel!<\/strong><\/h1>\n\n\n\n<p class=\"has-text-align-center sstitre has-couleur-1-color has-text-color\">\u00dcbernachten Sie auf einem Campingplatz in Lunel<\/p>\n\n\n\n<p class=\"has-text-align-center has-couleur-5-color has-text-color\">Entdecken Sie f\u00fcr Ihren n\u00e4chsten Aufenthalt in S\u00fcdfrankreich einen <strong>4-Sterne-Familiencampingplatz in Lunel.<\/strong><br>Dieser Campingplatz an der Grenze <strong><a href=\"https:\/\/www.camping-lesamandiers.fr\/de\/umfeld\/\" data-type=\"page\" data-id=\"345\">zwischen Gard und H\u00e9rault<\/a><\/strong> liegt nicht weit von der Mittelmeerk\u00fcste entfernt. Der <strong>Campingplatz Amandiers (30)<\/strong> bietet Ihnen hochwertige Dienstleistungen. All dies eingebettet in einen bewaldeten Park von 4 ha, der typisch f\u00fcr den Gard ist. <strong>Seen<\/strong> , <strong>W\u00e4lder<\/strong> , <strong>Strand<\/strong> , alles ist nah, die <strong>Natur<\/strong> ist sch\u00f6n und gro\u00dfz\u00fcgig in dieser Region Okzitaniens.<\/p>\n\n\n\n<div class=\"wp-block-columns\">\n<div class=\"wp-block-column colonne-droite\">\n<figure class=\"wp-block-image size-large\"><img width=\"1024\" height=\"768\" src=\"https:\/\/www.camping-lesamandiers.fr\/wp-content\/uploads\/2022\/01\/Plage-grau-1024x768.jpg\" alt=\"\" class=\"wp-image-769\" srcset=\"https:\/\/www.camping-lesamandiers.fr\/wp-content\/uploads\/2022\/01\/Plage-grau-1024x768.jpg 1024w, https:\/\/www.camping-lesamandiers.fr\/wp-content\/uploads\/2022\/01\/Plage-grau-300x225.jpg 300w, https:\/\/www.camping-lesamandiers.fr\/wp-content\/uploads\/2022\/01\/Plage-grau-768x576.jpg 768w, https:\/\/www.camping-lesamandiers.fr\/wp-content\/uploads\/2022\/01\/Plage-grau.jpg 1440w\" sizes=\"(max-width: 1024px) 100vw, 1024px\" \/><\/figure>\n\n\n\n<p class=\"lien\"><a href=\"https:\/\/www.camping-lesamandiers.fr\/de\/bildergalerie\/\" data-type=\"page\" data-id=\"500\">In Bildern entdecken<\/a><\/p>\n\n\n\n<figure class=\"wp-block-image size-large\"><img width=\"1024\" height=\"461\" src=\"https:\/\/www.camping-lesamandiers.fr\/wp-content\/uploads\/2022\/01\/location-mobil-home-1024x461.jpg\" alt=\"\" class=\"wp-image-373\" srcset=\"https:\/\/www.camping-lesamandiers.fr\/wp-content\/uploads\/2022\/01\/location-mobil-home-1024x461.jpg 1024w, https:\/\/www.camping-lesamandiers.fr\/wp-content\/uploads\/2022\/01\/location-mobil-home-300x135.jpg 300w, https:\/\/www.camping-lesamandiers.fr\/wp-content\/uploads\/2022\/01\/location-mobil-home-768x346.jpg 768w, https:\/\/www.camping-lesamandiers.fr\/wp-content\/uploads\/2022\/01\/location-mobil-home-1536x691.jpg 1536w, https:\/\/www.camping-lesamandiers.fr\/wp-content\/uploads\/2022\/01\/location-mobil-home.jpg 2000w\" sizes=\"(max-width: 1024px) 100vw, 1024px\" \/><\/figure>\n<\/div>\n\n\n\n<div class=\"wp-block-column\">\n<figure class=\"wp-block-image size-full\"><img width=\"760\" height=\"520\" src=\"https:\/\/www.camping-lesamandiers.fr\/wp-content\/uploads\/2022\/01\/espace-aquatique.jpg\" alt=\"\" class=\"wp-image-381\" srcset=\"https:\/\/www.camping-lesamandiers.fr\/wp-content\/uploads\/2022\/01\/espace-aquatique.jpg 760w, https:\/\/www.camping-lesamandiers.fr\/wp-content\/uploads\/2022\/01\/espace-aquatique-300x205.jpg 300w\" sizes=\"(max-width: 760px) 100vw, 760px\" \/><\/figure>\n\n\n\n<h2 class=\"surlignage_bleu has-couleur-1-color has-text-color\"><strong>Les Amandiers<\/strong> : ein Campingplatz in perfekter Lage, um Lunel und seine Umgebung zu entdecken<\/h2>\n\n\n\n<div class=\"wp-block-columns\">\n<div class=\"wp-block-column\">\n<p class=\"has-couleur-5-color has-text-color\">Zwischen Montpellier, N\u00eemes, Les Cevennen und dem Regionalen Naturpark Camargue befinden Sie sich sicher auf <strong>dem besten Campingplatz der Region Lunel<\/strong> , um Ihren Urlaub ohne Langeweile zu verbringen. Die Landschaften in der <a href=\"https:\/\/www.camping-lesamandiers.fr\/de\/umfeld\/\" data-type=\"page\" data-id=\"345\">Umgebung<\/a> sind wunderbar, Sie werden es unbedingt lieben! Unser Campingplatz liegt 50 km von Pont du Gard und 25 km von Grau du Roi entfernt. Vergessen Sie w\u00e4hrend Ihres Campingaufenthalts in Lunel nicht, das reiche Erbe S\u00fcdfrankreichs zu nutzen. Die Region ist voller <strong>magischer Orte<\/strong> , die es zu entdecken gilt, und wir k\u00f6nnen Ihnen nur raten, die Umgebung von Lunel zu besuchen! Sie werden von den Arenen von Nimes, den St\u00e4dten Montpellier und N\u00eemes verf\u00fchrt.<\/p>\n<\/div>\n\n\n\n<div class=\"wp-block-column\">\n<p class=\"has-couleur-5-color has-text-color\">Aber auch die <strong>typischen D\u00f6rfer<\/strong> Okzitaniens wie Sommi\u00e8res, Uz\u00e8s oder Grau-du-Roi. Ohne Naturjuwele wie den <strong>Cirque de Navacelles<\/strong> zu vergessen. Die geografische Lage unseres Campingplatzes in der N\u00e4he von Lunel im Hinterland des Gard erm\u00f6glicht es Ihnen, neue Energie zu tanken, w\u00e4hrend Sie nur wenige Schritte von den gro\u00dfen Badeorten entfernt sind.<br><br>Entdecken Sie w\u00e4hrend Ihres Aufenthalts im Herzen unseres Campingplatzes in Lunel die Freuden eines <strong>Urlaubs in der N\u00e4he der Mittelmeerk\u00fcste<\/strong> .<\/p>\n<\/div>\n<\/div>\n\n\n\n<div class=\"wp-block-buttons is-content-justification-center\">\n<div class=\"wp-block-button btn-resa\"><a class=\"wp-block-button__link\"><i class=\"fas fa-search\"><\/i> Buchen Sie schnell<\/a><\/div>\n<\/div>\n<\/div>\n<\/div>\n<\/section>\n\n\n\n<section class=\"wp-block-group alignfull T-15-a has-couleur-2-background-color has-background\">\n<div class=\"wp-block-columns\">\n<div class=\"wp-block-column\" style=\"flex-basis:40%\">\n<h2 class=\"has-blanc-color has-text-color\"><strong>Campingplatz im Gard<\/strong> mit Schwimmbad<\/h2>\n\n\n\n<div class=\"wp-block-columns liste_picto\">\n<div class=\"wp-block-column\"><i class=\"fal fa-water\"><\/i>\n\n\n\n<p class=\"has-blanc-color has-text-color\">Fluss dagegen<br>Laufen<\/p>\n<\/div>\n\n\n\n<div class=\"wp-block-column\"><i class=\"fal fa-hot-tub\"><\/i>\n\n\n\n<p class=\"has-blanc-color has-text-color\">Sauna, Dampfbad<br>&amp; Whirlpool<\/p>\n<\/div>\n<\/div>\n\n\n\n<p class=\"has-blanc-color has-text-color\"><strong>Kommen Sie w\u00e4hrend Ihres Aufenthalts in Lunel und genie\u00dfen Sie unseren Campingplatz im Gard <a href=\"https:\/\/www.camping-lesamandiers.fr\/de\/wasserbereich\/\" data-type=\"page\" data-id=\"339\">mit Schwimmbad<\/a><\/strong> . Lassen Sie sich von <strong>einem gro\u00dfen Swimmingpool und einem Fluss gegen die Str\u00f6mung<\/strong> zu Momenten des <strong>Spiels und der Entspannung verf\u00fchren<\/strong> . F\u00fcr noch mehr Wohlbefinden entdecken Sie <strong>den Jacuzzi-Bereich<\/strong> f\u00fcr garantierte Entspannung. Und warum nicht noch weiter abdr\u00fccken? Wenn Sie \u00fcber 18 Jahre alt sind, erliegen Sie unserem <strong>Hamam<\/strong> und unserer <strong>Sauna<\/strong> .<\/p>\n\n\n\n<div class=\"wp-block-buttons\">\n<div class=\"wp-block-button\"><a class=\"wp-block-button__link\" href=\"https:\/\/www.camping-lesamandiers.fr\/de\/wasserbereich\/\">Entdecken Sie das Wassergebiet<\/a><\/div>\n<\/div>\n<\/div>\n\n\n\n<div class=\"wp-block-column\" style=\"flex-basis:60%\">\n<figure class=\"wp-block-image size-full\"><img width=\"760\" height=\"520\" src=\"https:\/\/www.camping-lesamandiers.fr\/wp-content\/uploads\/2022\/01\/piscine-camping.jpg\" alt=\"\" class=\"wp-image-389\" srcset=\"https:\/\/www.camping-lesamandiers.fr\/wp-content\/uploads\/2022\/01\/piscine-camping.jpg 760w, https:\/\/www.camping-lesamandiers.fr\/wp-content\/uploads\/2022\/01\/piscine-camping-300x205.jpg 300w\" sizes=\"(max-width: 760px) 100vw, 760px\" \/><\/figure>\n<\/div>\n<\/div>\n<\/section>\n\n\n\n<section class=\"wp-block-group T-20-a\">\n<div class=\"wp-block-columns\">\n<div class=\"wp-block-column has-couleur-1-color has-text-color\">\n<figure class=\"wp-block-gallery columns-3 is-cropped\"><ul class=\"blocks-gallery-grid\"><li class=\"blocks-gallery-item\"><figure><img width=\"1012\" height=\"620\" src=\"https:\/\/www.camping-lesamandiers.fr\/wp-content\/uploads\/2022\/01\/terrain-tennis-camping.jpg\" alt=\"\" data-id=\"401\" data-full-url=\"https:\/\/www.camping-lesamandiers.fr\/wp-content\/uploads\/2022\/01\/terrain-tennis-camping.jpg\" data-link=\"https:\/\/www.camping-lesamandiers.fr\/accueil\/attachment\/terrain-tennis-camping\/\" class=\"wp-image-401\" srcset=\"https:\/\/www.camping-lesamandiers.fr\/wp-content\/uploads\/2022\/01\/terrain-tennis-camping.jpg 1012w, https:\/\/www.camping-lesamandiers.fr\/wp-content\/uploads\/2022\/01\/terrain-tennis-camping-300x184.jpg 300w, https:\/\/www.camping-lesamandiers.fr\/wp-content\/uploads\/2022\/01\/terrain-tennis-camping-768x471.jpg 768w\" sizes=\"(max-width: 1012px) 100vw, 1012px\" \/><\/figure><\/li><li class=\"blocks-gallery-item\"><figure><img width=\"1024\" height=\"287\" src=\"https:\/\/www.camping-lesamandiers.fr\/wp-content\/uploads\/2022\/01\/table-ping-pong-1024x287-1.jpg\" alt=\"\" data-id=\"393\" data-full-url=\"https:\/\/www.camping-lesamandiers.fr\/wp-content\/uploads\/2022\/01\/table-ping-pong-1024x287-1.jpg\" data-link=\"https:\/\/www.camping-lesamandiers.fr\/accueil\/attachment\/table-ping-pong-1024x287-1\/\" class=\"wp-image-393\" srcset=\"https:\/\/www.camping-lesamandiers.fr\/wp-content\/uploads\/2022\/01\/table-ping-pong-1024x287-1.jpg 1024w, https:\/\/www.camping-lesamandiers.fr\/wp-content\/uploads\/2022\/01\/table-ping-pong-1024x287-1-300x84.jpg 300w, https:\/\/www.camping-lesamandiers.fr\/wp-content\/uploads\/2022\/01\/table-ping-pong-1024x287-1-768x215.jpg 768w\" sizes=\"(max-width: 1024px) 100vw, 1024px\" \/><\/figure><\/li><li class=\"blocks-gallery-item\"><figure><img width=\"760\" height=\"520\" src=\"https:\/\/www.camping-lesamandiers.fr\/wp-content\/uploads\/2022\/01\/terrain-petanque.jpg\" alt=\"\" data-id=\"397\" data-full-url=\"https:\/\/www.camping-lesamandiers.fr\/wp-content\/uploads\/2022\/01\/terrain-petanque.jpg\" data-link=\"https:\/\/www.camping-lesamandiers.fr\/accueil\/attachment\/terrain-petanque\/\" class=\"wp-image-397\" srcset=\"https:\/\/www.camping-lesamandiers.fr\/wp-content\/uploads\/2022\/01\/terrain-petanque.jpg 760w, https:\/\/www.camping-lesamandiers.fr\/wp-content\/uploads\/2022\/01\/terrain-petanque-300x205.jpg 300w\" sizes=\"(max-width: 760px) 100vw, 760px\" \/><\/figure><\/li><\/ul><\/figure>\n\n\n\n<p class=\"lien\"><a href=\"https:\/\/www.camping-lesamandiers.fr\/de\/bildergalerie\/\" data-type=\"page\" data-id=\"500\">In Bildern entdecken<\/a><\/p>\n<\/div>\n\n\n\n<div class=\"wp-block-column has-couleur-1-color has-text-color\">\n<div class=\"wp-block-columns\">\n<div class=\"wp-block-column\">\n<h2><strong>Unterhaltung<\/strong> f\u00fcr die ganze Familie<\/h2>\n\n\n\n<p class=\"has-couleur-5-color has-text-color\">Unser <strong>Campingplatz in Lunel<\/strong> bietet viele <a href=\"https:\/\/www.camping-lesamandiers.fr\/de\/dienstleistungen\/\" data-type=\"page\" data-id=\"343\">hochwertige Dienstleistungen<\/a> (WLAN, Restaurant, W\u00e4scherei usw.), aber auch <strong>Unterhaltung<\/strong> und <a href=\"https:\/\/www.camping-lesamandiers.fr\/de\/unterhaltung-aktivitaeten\/\" data-type=\"page\" data-id=\"341\">Aktivit\u00e4ten<\/a> f\u00fcr Erwachsene und Kinder w\u00e4hrend Ihres Aufenthalts in der N\u00e4he von Lunel.<br>Unser lebhafter Campingplatz bietet Ihnen neben einer au\u00dfergew\u00f6hnlichen Umgebung alle Einrichtungen eines <strong>4-Sterne-Campingplatzes der Spitzenklasse<\/strong> . W\u00e4hrend der ganzen Saison finden Sie eine gro\u00dfe Auswahl an Tagesaktivit\u00e4ten.<\/p>\n<\/div>\n\n\n\n<div class=\"wp-block-column\">\n<h2>Campingplatz mit <strong>Kinderclub<\/strong><\/h2>\n\n\n\n<p class=\"has-couleur-5-color has-text-color\">Unser Campingplatz in Lunel bietet Ihnen auch einen <strong>Miniclub<\/strong> , in dem Animateure Ihre Kinder <strong>im Alter von 6 bis 9 Jahren<\/strong> willkommen hei\u00dfen.<br><br>Der Kinderclub \u00f6ffnet w\u00e4hrend der Schulferien seine Pforten. Wir treffen Ihre Putten von Montag bis Freitag vormittags. So k\u00f6nnen Sie <strong>in Ruhe<\/strong> Ihren Urlaub verbringen. Ihre Kinder sind bei uns in guten H\u00e4nden und genie\u00dfen ihre Ferien mit neuen Freunden.<\/p>\n<\/div>\n<\/div>\n<\/div>\n<\/div>\n<\/section>\n\n\n\n<section class=\"wp-block-group alignfull T-25-a has-couleur-1-background-color has-background\">\n<article class=\"wp-block-group has-blanc-background-color has-background\">\n<h2 class=\"has-text-align-center has-couleur-4-color has-text-color\">Lassen Sie sich von vielen Dienstleistungen und einem Wasserbereich in Lunel verf\u00fchren<\/h2>\n\n\n\n<div class=\"wp-block-columns liste_picto\">\n<div class=\"wp-block-column\"><i class=\"fal fa-pizza\"><\/i>\n\n\n\n<p class=\"has-couleur-5-color has-text-color\">Restaurant<\/p>\n<\/div>\n\n\n\n<div class=\"wp-block-column\"><i class=\"fal fa-hot-tub\"><\/i>\n\n\n\n<p class=\"has-couleur-5-color has-text-color\">Sauna, Dampfbad<br>&amp; Whirlpool<\/p>\n<\/div>\n\n\n\n<div class=\"wp-block-column\"><i class=\"fal fa-swimmer\"><\/i>\n\n\n\n<p class=\"has-couleur-5-color has-text-color\">Platz<br>Wasser-<\/p>\n<\/div>\n\n\n\n<div class=\"wp-block-column\"><i class=\"fal fa-washer\"><\/i>\n\n\n\n<p class=\"has-couleur-5-color has-text-color\">W\u00e4scherei<\/p>\n<\/div>\n\n\n\n<div class=\"wp-block-column\"><i class=\"fal fa-child\"><\/i>\n\n\n\n<p class=\"has-couleur-5-color has-text-color\">Verein<br>Kinder<\/p>\n<\/div>\n\n\n\n<div class=\"wp-block-column\"><i class=\"fal fa-wifi\"><\/i>\n\n\n\n<p class=\"has-couleur-5-color has-text-color\">Zugriff<br>KABELLOS<\/p>\n<\/div>\n<\/div>\n\n\n\n<div class=\"wp-block-buttons is-content-justification-center\">\n<div class=\"wp-block-button\"><a class=\"wp-block-button__link\" href=\"https:\/\/www.camping-lesamandiers.fr\/de\/dienstleistungen\/\">Entdecken Sie die Dienstleistungen<\/a><\/div>\n<\/div>\n<\/article>\n<\/section>\n\n\n\n<section class=\"wp-block-group alignfull T-20-a has-couleur-7-background-color has-background\">\n<p class=\"titre has-couleur-6-color has-text-color\"><strong>Mobilheimvermietung<\/strong> im Gard mit allem Komfort<\/p>\n\n\n\n<div class=\"wp-block-columns are-vertically-aligned-center\">\n<div class=\"wp-block-column is-vertically-aligned-center\">\n<h2 class=\"has-couleur-1-color has-text-color\">Vermietung von Mobilheimen in Lunel<\/h2>\n\n\n\n<div class=\"wp-block-columns\">\n<div class=\"wp-block-column\">\n<p class=\"has-couleur-5-color has-text-color\">Liebe Urlauber, auf dem Campingplatz Les Amandiers erwartet Sie im Herzen unseres Campingplatzes in Lunel eine gro\u00dfe Auswahl an <strong>komfortablen<\/strong> <a href=\"https:\/\/www.camping-lesamandiers.fr\/de\/mieten\/\" data-type=\"page\" data-id=\"333\">Mietmobilheimen<\/a> <strong>im Gard<\/strong> . Alle unsere Ferienwohnungen sind <strong>komplett ausgestattet<\/strong> , um maximalen Komfort zu garantieren, egal ob Sie mit zwei oder <strong>bis zu 8 Personen wohnen<\/strong> .<\/p>\n\n\n\n<p class=\"encart has-blanc-background-color has-background\">\u00dcbernachten Sie auf dem Campingplatz Les Amandiers<\/p>\n<\/div>\n\n\n\n<div class=\"wp-block-column\">\n<p class=\"encart has-couleur-5-color has-text-color\">Entdecken Sie unsere Stellpl\u00e4tze im Gard<\/p>\n\n\n\n<p class=\"has-couleur-5-color has-text-color\">F\u00fcr Liebhaber des <strong>traditionellen Campings<\/strong> gibt es auf dem Campingplatz Les Amandiers in der N\u00e4he von Lunel auch <a href=\"https:\/\/www.camping-lesamandiers.fr\/de\/stellplaetze\/\" data-type=\"page\" data-id=\"335\">Stellpl\u00e4tze<\/a> <strong>f\u00fcr Zelte, Wohnmobile und Wohnwagen<\/strong> mit einer Gr\u00f6\u00dfe von bis zu 100 Quadratmetern, die darauf warten, dass Sie w\u00e4hrend Ihres Aufenthalts in Gallargues die h\u00fcgelige Sonne der Gard genie\u00dfen. Entscheiden Sie sich f\u00fcr Ihren <strong>Campingurlaub mit der Familie<\/strong> f\u00fcr einen Aufenthalt <strong>im Herzen der Natur<\/strong> .<\/p>\n<\/div>\n<\/div>\n\n\n\n<div class=\"wp-block-buttons\">\n<div class=\"wp-block-button\"><a class=\"wp-block-button__link\" href=\"https:\/\/www.camping-lesamandiers.fr\/de\/mieten\/\">Entdecken Sie die Mobilheime<\/a><\/div>\n\n\n\n<div class=\"wp-block-button\"><a class=\"wp-block-button__link\" href=\"https:\/\/www.camping-lesamandiers.fr\/de\/stellplaetze\/\">Entdecken Sie die Standorte<\/a><\/div>\n<\/div>\n<\/div>\n\n\n\n<div class=\"wp-block-column is-vertically-aligned-center\">\n<figure class=\"wp-block-gallery columns-3 is-cropped\"><ul class=\"blocks-gallery-grid\"><li class=\"blocks-gallery-item\"><figure><img width=\"760\" height=\"520\" src=\"https:\/\/www.camping-lesamandiers.fr\/wp-content\/uploads\/2022\/01\/lcdv_camping_les_amandier_826981_img_83361-760x520-1.jpg\" alt=\"\" data-id=\"406\" data-full-url=\"https:\/\/www.camping-lesamandiers.fr\/wp-content\/uploads\/2022\/01\/lcdv_camping_les_amandier_826981_img_83361-760x520-1.jpg\" data-link=\"https:\/\/www.camping-lesamandiers.fr\/accueil\/attachment\/lcdv_camping_les_amandier_826981_img_83361-760x520-1\/\" class=\"wp-image-406\" srcset=\"https:\/\/www.camping-lesamandiers.fr\/wp-content\/uploads\/2022\/01\/lcdv_camping_les_amandier_826981_img_83361-760x520-1.jpg 760w, https:\/\/www.camping-lesamandiers.fr\/wp-content\/uploads\/2022\/01\/lcdv_camping_les_amandier_826981_img_83361-760x520-1-300x205.jpg 300w\" sizes=\"(max-width: 760px) 100vw, 760px\" \/><\/figure><\/li><li class=\"blocks-gallery-item\"><figure><img width=\"1024\" height=\"768\" src=\"https:\/\/www.camping-lesamandiers.fr\/wp-content\/uploads\/2022\/01\/location-emplacement-ombrage-1024x768-1.jpg\" alt=\"\" data-id=\"410\" data-full-url=\"https:\/\/www.camping-lesamandiers.fr\/wp-content\/uploads\/2022\/01\/location-emplacement-ombrage-1024x768-1.jpg\" data-link=\"https:\/\/www.camping-lesamandiers.fr\/accueil\/attachment\/location-emplacement-ombrage-1024x768-1\/\" class=\"wp-image-410\" srcset=\"https:\/\/www.camping-lesamandiers.fr\/wp-content\/uploads\/2022\/01\/location-emplacement-ombrage-1024x768-1.jpg 1024w, https:\/\/www.camping-lesamandiers.fr\/wp-content\/uploads\/2022\/01\/location-emplacement-ombrage-1024x768-1-300x225.jpg 300w, https:\/\/www.camping-lesamandiers.fr\/wp-content\/uploads\/2022\/01\/location-emplacement-ombrage-1024x768-1-768x576.jpg 768w\" sizes=\"(max-width: 1024px) 100vw, 1024px\" \/><\/figure><\/li><li class=\"blocks-gallery-item\"><figure><img width=\"1024\" height=\"686\" src=\"https:\/\/www.camping-lesamandiers.fr\/wp-content\/uploads\/2022\/01\/mobil-home-4-places-1024x686-1.jpg\" alt=\"\" data-id=\"414\" data-full-url=\"https:\/\/www.camping-lesamandiers.fr\/wp-content\/uploads\/2022\/01\/mobil-home-4-places-1024x686-1.jpg\" data-link=\"https:\/\/www.camping-lesamandiers.fr\/accueil\/attachment\/mobil-home-4-places-1024x686-1\/\" class=\"wp-image-414\" srcset=\"https:\/\/www.camping-lesamandiers.fr\/wp-content\/uploads\/2022\/01\/mobil-home-4-places-1024x686-1.jpg 1024w, https:\/\/www.camping-lesamandiers.fr\/wp-content\/uploads\/2022\/01\/mobil-home-4-places-1024x686-1-300x201.jpg 300w, https:\/\/www.camping-lesamandiers.fr\/wp-content\/uploads\/2022\/01\/mobil-home-4-places-1024x686-1-768x515.jpg 768w\" sizes=\"(max-width: 1024px) 100vw, 1024px\" \/><\/figure><\/li><\/ul><\/figure>\n\n\n\n<aside class=\"wp-block-group carte\">\n<p class=\"has-couleur-5-color has-blanc-background-color has-text-color has-background\">Auf unserem Campingplatz in der N\u00e4he von Lunel k\u00f6nnen Sie <strong>die ganze Saison \u00fcber nachts<\/strong> <a href=\"https:\/\/www.camping-lesamandiers.fr\/de\/mieten\/\" data-type=\"page\" data-id=\"333\">mieten<\/a> (nach Verf\u00fcgbarkeit).<\/p>\n\n\n\n<div class=\"wp-block-buttons\">\n<div class=\"wp-block-button btn-resa\"><a class=\"wp-block-button__link\"> <i class=\"fas fa-search\"><\/i> Buchen Sie schnell<\/a><\/div>\n<\/div>\n<\/aside>\n<\/div>\n<\/div>\n<\/section>\n","protected":false},"excerpt":{"rendered":"<p>Animationenf\u00fcr die ganze Familie Zelten einder Gard mit Schwimmbad Campen mitKinderclub Der Campingplatz ist von 9.00 bis 12.00 Uhr und von 13.00 bis 20.00 Uhr ge\u00f6ffnet. Kommen Sie und verbringen Sie einen Campingurlaub in Lunel! \u00dcbernachten Sie auf einem Campingplatz in Lunel Entdecken Sie f\u00fcr Ihren n\u00e4chsten Aufenthalt in S\u00fcdfrankreich einen 4-Sterne-Familiencampingplatz in Lunel.Dieser Campingplatz [&hellip;]<\/p>\n","protected":false},"author":1,"featured_media":388,"parent":0,"menu_order":0,"comment_status":"closed","ping_status":"closed","template":"","meta":[],"acf":[],"_links":{"self":[{"href":"https:\/\/www.camping-lesamandiers.fr\/de\/wp-json\/wp\/v2\/pages\/778"}],"collection":[{"href":"https:\/\/www.camping-lesamandiers.fr\/de\/wp-json\/wp\/v2\/pages"}],"about":[{"href":"https:\/\/www.camping-lesamandiers.fr\/de\/wp-json\/wp\/v2\/types\/page"}],"author":[{"embeddable":true,"href":"https:\/\/www.camping-lesamandiers.fr\/de\/wp-json\/wp\/v2\/users\/1"}],"replies":[{"embeddable":true,"href":"https:\/\/www.camping-lesamandiers.fr\/de\/wp-json\/wp\/v2\/comments?post=778"}],"version-history":[{"count":6,"href":"https:\/\/www.camping-lesamandiers.fr\/de\/wp-json\/wp\/v2\/pages\/778\/revisions"}],"predecessor-version":[{"id":3421,"href":"https:\/\/www.camping-lesamandiers.fr\/de\/wp-json\/wp\/v2\/pages\/778\/revisions\/3421"}],"wp:featuredmedia":[{"embeddable":true,"href":"https:\/\/www.camping-lesamandiers.fr\/de\/wp-json\/wp\/v2\/media\/388"}],"wp:attachment":[{"href":"https:\/\/www.camping-lesamandiers.fr\/de\/wp-json\/wp\/v2\/media?parent=778"}],"curies":[{"name":"wp","href":"https:\/\/api.w.org\/{rel}","templated":true}]}}